{"id":26584,"date":"2023-09-08T07:31:44","date_gmt":"2023-09-08T07:31:44","guid":{"rendered":"https:\/\/caspages.es\/?page_id=26584"},"modified":"2023-11-14T09:19:32","modified_gmt":"2023-11-14T09:19:32","slug":"rechtliche-hinweise","status":"publish","type":"page","link":"https:\/\/caspages.es\/de\/rechtliche-hinweise\/","title":{"rendered":"Rechtliche Hinweise"},"content":{"rendered":"\t\t<div data-elementor-type=\"wp-page\" data-elementor-id=\"26584\" class=\"elementor elementor-26584 elementor-20556\" data-elementor-post-type=\"page\">\n\t\t\t\t\t\t<section class=\"elementor-section elementor-top-section elementor-element elementor-element-f7dc95e elementor-section-stretched fondo-general elementor-section-boxed elementor-section-height-default elementor-section-height-default sc_fly_static\" data-id=\"f7dc95e\" data-element_type=\"section\" data-settings=\"{&quot;background_background&quot;:&quot;classic&quot;,&quot;stretch_section&quot;:&quot;section-stretched&quot;}\">\n\t\t\t\t\t\t<div class=\"elementor-container elementor-column-gap-extended\">\n\t\t\t\t\t<div class=\"elementor-column elementor-col-100 elementor-top-column elementor-element elementor-element-5af4086 sc_inner_width_none sc_content_align_inherit sc_layouts_column_icons_position_left sc_fly_static\" data-id=\"5af4086\" data-element_type=\"column\">\n\t\t\t<div class=\"elementor-widget-wrap elementor-element-populated\">\n\t\t\t\t\t\t<div class=\"elementor-element elementor-element-37a9833 cardo titulos-marron sc_fly_static elementor-widget elementor-widget-heading\" data-id=\"37a9833\" data-element_type=\"widget\" data-widget_type=\"heading.default\">\n\t\t\t\t<div class=\"elementor-widget-container\">\n\t\t\t\t\t<h1 class=\"elementor-heading-title elementor-size-default\">Rechtlicher Hinweis<\/h1>\t\t\t\t<\/div>\n\t\t\t\t<\/div>\n\t\t\t\t\t<\/div>\n\t\t<\/div>\n\t\t\t\t\t<\/div>\n\t\t<\/section>\n\t\t\t\t<section class=\"elementor-section elementor-top-section elementor-element elementor-element-d4203ba elementor-section-stretched fondo-general elementor-section-boxed elementor-section-height-default elementor-section-height-default sc_fly_static\" data-id=\"d4203ba\" data-element_type=\"section\" data-settings=\"{&quot;stretch_section&quot;:&quot;section-stretched&quot;}\">\n\t\t\t\t\t\t<div class=\"elementor-container elementor-column-gap-extended\">\n\t\t\t\t\t<div class=\"elementor-column elementor-col-100 elementor-top-column elementor-element elementor-element-fc55f04 sc_inner_width_none sc_content_align_inherit sc_layouts_column_icons_position_left sc_fly_static\" data-id=\"fc55f04\" data-element_type=\"column\">\n\t\t\t<div class=\"elementor-widget-wrap elementor-element-populated\">\n\t\t\t\t\t\t<div class=\"elementor-element elementor-element-9931b76 sc_fly_static elementor-widget elementor-widget-spacer\" data-id=\"9931b76\" data-element_type=\"widget\" data-widget_type=\"spacer.default\">\n\t\t\t\t<div class=\"elementor-widget-container\">\n\t\t\t\t\t\t\t<div class=\"elementor-spacer\">\n\t\t\t<div class=\"elementor-spacer-inner\"><\/div>\n\t\t<\/div>\n\t\t\t\t\t\t<\/div>\n\t\t\t\t<\/div>\n\t\t\t\t\t<\/div>\n\t\t<\/div>\n\t\t\t\t\t<\/div>\n\t\t<\/section>\n\t\t\t\t<section class=\"elementor-section elementor-top-section elementor-element elementor-element-b589146 elementor-section-stretched fondo-general dmsans elementor-section-boxed elementor-section-height-default elementor-section-height-default sc_fly_static\" data-id=\"b589146\" data-element_type=\"section\" data-settings=\"{&quot;background_background&quot;:&quot;classic&quot;,&quot;stretch_section&quot;:&quot;section-stretched&quot;}\">\n\t\t\t\t\t\t<div class=\"elementor-container elementor-column-gap-extended\">\n\t\t\t\t\t<div class=\"elementor-column elementor-col-100 elementor-top-column elementor-element elementor-element-b2c3fac sc_inner_width_none sc_content_align_inherit sc_layouts_column_icons_position_left sc_fly_static\" data-id=\"b2c3fac\" data-element_type=\"column\">\n\t\t\t<div class=\"elementor-widget-wrap elementor-element-populated\">\n\t\t\t\t\t\t<div class=\"elementor-element elementor-element-2770824 sc_fly_static elementor-widget elementor-widget-text-editor\" data-id=\"2770824\" data-element_type=\"widget\" data-widget_type=\"text-editor.default\">\n\t\t\t\t<div class=\"elementor-widget-container\">\n\t\t\t\t\t\t\t\t\t<p>Gem\u00e4\u00df den Bestimmungen von Artikel 10 des Gesetzes 34\/2002 \u00fcber Dienste der Informationsgesellschaft und elektronischen Handel werden alle unsere Kunden, Benutzer und Besucher \u00fcber die rechtlichen Informationen des Unternehmens informiert, dem die Website geh\u00f6rt. Die Website befindet sich unter der Internetadresse :<\/p><p><strong>www.caspages.es<\/strong><br \/>Firmenname: Cas Pag\u00e9s C. B.<br \/>Steueradresse: Cas Pag\u00e9s, Ctra. San Carlos, Pg. 1, N\u00ba. 79<br \/>C.I.F. (Steueridentifikationscode): E07639362<\/p>\t\t\t\t\t\t\t\t<\/div>\n\t\t\t\t<\/div>\n\t\t\t\t\t<\/div>\n\t\t<\/div>\n\t\t\t\t\t<\/div>\n\t\t<\/section>\n\t\t\t\t<section class=\"elementor-section elementor-top-section elementor-element elementor-element-5ba1b3f elementor-section-stretched fondo-general elementor-section-boxed elementor-section-height-default elementor-section-height-default sc_fly_static\" data-id=\"5ba1b3f\" data-element_type=\"section\" data-settings=\"{&quot;stretch_section&quot;:&quot;section-stretched&quot;}\">\n\t\t\t\t\t\t<div class=\"elementor-container elementor-column-gap-extended\">\n\t\t\t\t\t<div class=\"elementor-column elementor-col-100 elementor-top-column elementor-element elementor-element-de18d76 sc_inner_width_none sc_content_align_inherit sc_layouts_column_icons_position_left sc_fly_static\" data-id=\"de18d76\" data-element_type=\"column\">\n\t\t\t<div class=\"elementor-widget-wrap elementor-element-populated\">\n\t\t\t\t\t\t<div class=\"elementor-element elementor-element-8956a21 sc_fly_static elementor-widget elementor-widget-spacer\" data-id=\"8956a21\" data-element_type=\"widget\" data-widget_type=\"spacer.default\">\n\t\t\t\t<div class=\"elementor-widget-container\">\n\t\t\t\t\t\t\t<div class=\"elementor-spacer\">\n\t\t\t<div class=\"elementor-spacer-inner\"><\/div>\n\t\t<\/div>\n\t\t\t\t\t\t<\/div>\n\t\t\t\t<\/div>\n\t\t\t\t\t<\/div>\n\t\t<\/div>\n\t\t\t\t\t<\/div>\n\t\t<\/section>\n\t\t\t\t<\/div>\n\t\t","protected":false},"excerpt":{"rendered":"<p>Rechtlicher Hinweis Gem\u00e4\u00df den Bestimmungen von Artikel 10 des Gesetzes 34\/2002 \u00fcber Dienste der Informationsgesellschaft und elektronischen Handel werden alle unsere Kunden, Benutzer und Besucher \u00fcber die rechtlichen Informationen des Unternehmens informiert, dem die Website geh\u00f6rt. Die Website befindet sich unter der Internetadresse : www.caspages.esFirmenname: Cas Pag\u00e9s C. B.Steueradresse: Cas Pag\u00e9s, Ctra. San Carlos, Pg. 1, N\u00ba. 79C.I.F. (Steueridentifikationscode): E07639362<\/p>\n","protected":false},"author":1,"featured_media":0,"parent":0,"menu_order":0,"comment_status":"closed","ping_status":"closed","template":"","meta":{"footnotes":""},"class_list":["post-26584","page","type-page","status-publish","hentry"],"yoast_head":"<!-- This site is optimized with the Yoast SEO Premium plugin v21.8 (Yoast SEO v25.9) - https:\/\/yoast.com\/wordpress\/plugins\/seo\/ -->\n<title>Rechtliche Hinweise - Ca&#039;s Pag\u00e8s<\/title>\n<meta name=\"robots\" content=\"index, follow, max-snippet:-1, max-image-preview:large, max-video-preview:-1\" \/>\n<link rel=\"canonical\" href=\"https:\/\/caspages.es\/de\/rechtliche-hinweise\/\" \/>\n<meta property=\"og:locale\" content=\"de_DE\" \/>\n<meta property=\"og:type\" content=\"article\" \/>\n<meta property=\"og:title\" content=\"Rechtliche Hinweise\" \/>\n<meta property=\"og:description\" content=\"Rechtlicher Hinweis Gem\u00e4\u00df den Bestimmungen von Artikel 10 des Gesetzes 34\/2002 \u00fcber Dienste der Informationsgesellschaft und elektronischen Handel werden alle unsere Kunden, Benutzer und Besucher \u00fcber die rechtlichen Informationen des Unternehmens informiert, dem die Website geh\u00f6rt. Die Website befindet sich unter der Internetadresse : www.caspages.esFirmenname: Cas Pag\u00e9s C. B.Steueradresse: Cas Pag\u00e9s, Ctra. San Carlos, Pg. 1, N\u00ba. 79C.I.F. (Steueridentifikationscode): E07639362\" \/>\n<meta property=\"og:url\" content=\"https:\/\/caspages.es\/de\/rechtliche-hinweise\/\" \/>\n<meta property=\"og:site_name\" content=\"Ca&#039;s Pag\u00e8s\" \/>\n<meta property=\"article:modified_time\" content=\"2023-11-14T09:19:32+00:00\" \/>\n<meta name=\"twitter:card\" content=\"summary_large_image\" \/>\n<script type=\"application\/ld+json\" class=\"yoast-schema-graph\">{\"@context\":\"https:\/\/schema.org\",\"@graph\":[{\"@type\":\"WebPage\",\"@id\":\"https:\/\/caspages.es\/de\/rechtliche-hinweise\/\",\"url\":\"https:\/\/caspages.es\/de\/rechtliche-hinweise\/\",\"name\":\"Rechtliche Hinweise - Ca&#039;s Pag\u00e8s\",\"isPartOf\":{\"@id\":\"https:\/\/caspages.es\/de\/#website\"},\"datePublished\":\"2023-09-08T07:31:44+00:00\",\"dateModified\":\"2023-11-14T09:19:32+00:00\",\"breadcrumb\":{\"@id\":\"https:\/\/caspages.es\/de\/rechtliche-hinweise\/#breadcrumb\"},\"inLanguage\":\"de\",\"potentialAction\":[{\"@type\":\"ReadAction\",\"target\":[\"https:\/\/caspages.es\/de\/rechtliche-hinweise\/\"]}]},{\"@type\":\"BreadcrumbList\",\"@id\":\"https:\/\/caspages.es\/de\/rechtliche-hinweise\/#breadcrumb\",\"itemListElement\":[{\"@type\":\"ListItem\",\"position\":1,\"name\":\"Home\",\"item\":\"https:\/\/caspages.es\/de\/\"},{\"@type\":\"ListItem\",\"position\":2,\"name\":\"Rechtliche Hinweise\"}]},{\"@type\":\"WebSite\",\"@id\":\"https:\/\/caspages.es\/de\/#website\",\"url\":\"https:\/\/caspages.es\/de\/\",\"name\":\"Ca&#039;s Pag\u00e8s\",\"description\":\"Typisches Ibiza-Restaurant\",\"publisher\":{\"@id\":\"https:\/\/caspages.es\/de\/#organization\"},\"potentialAction\":[{\"@type\":\"SearchAction\",\"target\":{\"@type\":\"EntryPoint\",\"urlTemplate\":\"https:\/\/caspages.es\/de\/?s={search_term_string}\"},\"query-input\":{\"@type\":\"PropertyValueSpecification\",\"valueRequired\":true,\"valueName\":\"search_term_string\"}}],\"inLanguage\":\"de\"},{\"@type\":\"Organization\",\"@id\":\"https:\/\/caspages.es\/de\/#organization\",\"name\":\"Ca&#039;s Pag\u00e8s\",\"url\":\"https:\/\/caspages.es\/de\/\",\"logo\":{\"@type\":\"ImageObject\",\"inLanguage\":\"de\",\"@id\":\"https:\/\/caspages.es\/de\/#\/schema\/logo\/image\/\",\"url\":\"https:\/\/caspages.es\/wp-content\/uploads\/2022\/08\/Cas_Pages_logo.png\",\"contentUrl\":\"https:\/\/caspages.es\/wp-content\/uploads\/2022\/08\/Cas_Pages_logo.png\",\"width\":216,\"height\":76,\"caption\":\"Ca&#039;s Pag\u00e8s\"},\"image\":{\"@id\":\"https:\/\/caspages.es\/de\/#\/schema\/logo\/image\/\"}}]}<\/script>\n<!-- \/ Yoast SEO Premium plugin. -->","yoast_head_json":{"title":"Rechtliche Hinweise - Ca&#039;s Pag\u00e8s","robots":{"index":"index","follow":"follow","max-snippet":"max-snippet:-1","max-image-preview":"max-image-preview:large","max-video-preview":"max-video-preview:-1"},"canonical":"https:\/\/caspages.es\/de\/rechtliche-hinweise\/","og_locale":"de_DE","og_type":"article","og_title":"Rechtliche Hinweise","og_description":"Rechtlicher Hinweis Gem\u00e4\u00df den Bestimmungen von Artikel 10 des Gesetzes 34\/2002 \u00fcber Dienste der Informationsgesellschaft und elektronischen Handel werden alle unsere Kunden, Benutzer und Besucher \u00fcber die rechtlichen Informationen des Unternehmens informiert, dem die Website geh\u00f6rt. Die Website befindet sich unter der Internetadresse : www.caspages.esFirmenname: Cas Pag\u00e9s C. B.Steueradresse: Cas Pag\u00e9s, Ctra. San Carlos, Pg. 1, N\u00ba. 79C.I.F. (Steueridentifikationscode): E07639362","og_url":"https:\/\/caspages.es\/de\/rechtliche-hinweise\/","og_site_name":"Ca&#039;s Pag\u00e8s","article_modified_time":"2023-11-14T09:19:32+00:00","twitter_card":"summary_large_image","schema":{"@context":"https:\/\/schema.org","@graph":[{"@type":"WebPage","@id":"https:\/\/caspages.es\/de\/rechtliche-hinweise\/","url":"https:\/\/caspages.es\/de\/rechtliche-hinweise\/","name":"Rechtliche Hinweise - Ca&#039;s Pag\u00e8s","isPartOf":{"@id":"https:\/\/caspages.es\/de\/#website"},"datePublished":"2023-09-08T07:31:44+00:00","dateModified":"2023-11-14T09:19:32+00:00","breadcrumb":{"@id":"https:\/\/caspages.es\/de\/rechtliche-hinweise\/#breadcrumb"},"inLanguage":"de","potentialAction":[{"@type":"ReadAction","target":["https:\/\/caspages.es\/de\/rechtliche-hinweise\/"]}]},{"@type":"BreadcrumbList","@id":"https:\/\/caspages.es\/de\/rechtliche-hinweise\/#breadcrumb","itemListElement":[{"@type":"ListItem","position":1,"name":"Home","item":"https:\/\/caspages.es\/de\/"},{"@type":"ListItem","position":2,"name":"Rechtliche Hinweise"}]},{"@type":"WebSite","@id":"https:\/\/caspages.es\/de\/#website","url":"https:\/\/caspages.es\/de\/","name":"Ca&#039;s Pag\u00e8s","description":"Typisches Ibiza-Restaurant","publisher":{"@id":"https:\/\/caspages.es\/de\/#organization"},"potentialAction":[{"@type":"SearchAction","target":{"@type":"EntryPoint","urlTemplate":"https:\/\/caspages.es\/de\/?s={search_term_string}"},"query-input":{"@type":"PropertyValueSpecification","valueRequired":true,"valueName":"search_term_string"}}],"inLanguage":"de"},{"@type":"Organization","@id":"https:\/\/caspages.es\/de\/#organization","name":"Ca&#039;s Pag\u00e8s","url":"https:\/\/caspages.es\/de\/","logo":{"@type":"ImageObject","inLanguage":"de","@id":"https:\/\/caspages.es\/de\/#\/schema\/logo\/image\/","url":"https:\/\/caspages.es\/wp-content\/uploads\/2022\/08\/Cas_Pages_logo.png","contentUrl":"https:\/\/caspages.es\/wp-content\/uploads\/2022\/08\/Cas_Pages_logo.png","width":216,"height":76,"caption":"Ca&#039;s Pag\u00e8s"},"image":{"@id":"https:\/\/caspages.es\/de\/#\/schema\/logo\/image\/"}}]}},"_links":{"self":[{"href":"https:\/\/caspages.es\/de\/wp-json\/wp\/v2\/pages\/26584","targetHints":{"allow":["GET"]}}],"collection":[{"href":"https:\/\/caspages.es\/de\/wp-json\/wp\/v2\/pages"}],"about":[{"href":"https:\/\/caspages.es\/de\/wp-json\/wp\/v2\/types\/page"}],"author":[{"embeddable":true,"href":"https:\/\/caspages.es\/de\/wp-json\/wp\/v2\/users\/1"}],"replies":[{"embeddable":true,"href":"https:\/\/caspages.es\/de\/wp-json\/wp\/v2\/comments?post=26584"}],"version-history":[{"count":4,"href":"https:\/\/caspages.es\/de\/wp-json\/wp\/v2\/pages\/26584\/revisions"}],"predecessor-version":[{"id":26972,"href":"https:\/\/caspages.es\/de\/wp-json\/wp\/v2\/pages\/26584\/revisions\/26972"}],"wp:attachment":[{"href":"https:\/\/caspages.es\/de\/wp-json\/wp\/v2\/media?parent=26584"}],"curies":[{"name":"wp","href":"https:\/\/api.w.org\/{rel}","templated":true}]}}