{"id":26585,"date":"2023-09-08T07:32:31","date_gmt":"2023-09-08T07:32:31","guid":{"rendered":"https:\/\/caspages.es\/?page_id=26585"},"modified":"2023-11-15T10:01:03","modified_gmt":"2023-11-15T10:01:03","slug":"cookie-richtlinie","status":"publish","type":"page","link":"https:\/\/caspages.es\/de\/cookie-richtlinie\/","title":{"rendered":"Cookie-Richtlinie"},"content":{"rendered":"\t\t<div data-elementor-type=\"wp-page\" data-elementor-id=\"26585\" class=\"elementor elementor-26585 elementor-20559\" data-elementor-post-type=\"page\">\n\t\t\t\t\t\t<section class=\"elementor-section elementor-top-section elementor-element elementor-element-2b1184b0 elementor-section-stretched fondo-general elementor-section-boxed elementor-section-height-default elementor-section-height-default sc_fly_static\" data-id=\"2b1184b0\" data-element_type=\"section\" data-settings=\"{&quot;background_background&quot;:&quot;classic&quot;,&quot;stretch_section&quot;:&quot;section-stretched&quot;}\">\n\t\t\t\t\t\t<div class=\"elementor-container elementor-column-gap-extended\">\n\t\t\t\t\t<div class=\"elementor-column elementor-col-100 elementor-top-column elementor-element elementor-element-153e1c19 sc_inner_width_none sc_content_align_inherit sc_layouts_column_icons_position_left sc_fly_static\" data-id=\"153e1c19\" data-element_type=\"column\">\n\t\t\t<div class=\"elementor-widget-wrap elementor-element-populated\">\n\t\t\t\t\t\t<div class=\"elementor-element elementor-element-61c2707 cardo titulos-marron sc_fly_static elementor-widget elementor-widget-heading\" data-id=\"61c2707\" data-element_type=\"widget\" data-widget_type=\"heading.default\">\n\t\t\t\t<div class=\"elementor-widget-container\">\n\t\t\t\t\t<h1 class=\"elementor-heading-title elementor-size-default\">Cookie-Richtlinie<\/h1>\t\t\t\t<\/div>\n\t\t\t\t<\/div>\n\t\t\t\t\t<\/div>\n\t\t<\/div>\n\t\t\t\t\t<\/div>\n\t\t<\/section>\n\t\t\t\t<section class=\"elementor-section elementor-top-section elementor-element elementor-element-7ef86bc8 elementor-section-stretched fondo-general elementor-section-boxed elementor-section-height-default elementor-section-height-default sc_fly_static\" data-id=\"7ef86bc8\" data-element_type=\"section\" data-settings=\"{&quot;stretch_section&quot;:&quot;section-stretched&quot;}\">\n\t\t\t\t\t\t<div class=\"elementor-container elementor-column-gap-extended\">\n\t\t\t\t\t<div class=\"elementor-column elementor-col-100 elementor-top-column elementor-element elementor-element-19372eea sc_inner_width_none sc_content_align_inherit sc_layouts_column_icons_position_left sc_fly_static\" data-id=\"19372eea\" data-element_type=\"column\">\n\t\t\t<div class=\"elementor-widget-wrap elementor-element-populated\">\n\t\t\t\t\t\t<div class=\"elementor-element elementor-element-690b98ed sc_fly_static elementor-widget elementor-widget-spacer\" data-id=\"690b98ed\" data-element_type=\"widget\" data-widget_type=\"spacer.default\">\n\t\t\t\t<div class=\"elementor-widget-container\">\n\t\t\t\t\t\t\t<div class=\"elementor-spacer\">\n\t\t\t<div class=\"elementor-spacer-inner\"><\/div>\n\t\t<\/div>\n\t\t\t\t\t\t<\/div>\n\t\t\t\t<\/div>\n\t\t\t\t\t<\/div>\n\t\t<\/div>\n\t\t\t\t\t<\/div>\n\t\t<\/section>\n\t\t\t\t<section class=\"elementor-section elementor-top-section elementor-element elementor-element-75eefe4 elementor-section-stretched fondo-general dmsans elementor-section-boxed elementor-section-height-default elementor-section-height-default sc_fly_static\" data-id=\"75eefe4\" data-element_type=\"section\" data-settings=\"{&quot;background_background&quot;:&quot;classic&quot;,&quot;stretch_section&quot;:&quot;section-stretched&quot;}\">\n\t\t\t\t\t\t<div class=\"elementor-container elementor-column-gap-extended\">\n\t\t\t\t\t<div class=\"elementor-column elementor-col-100 elementor-top-column elementor-element elementor-element-8b7bf22 sc_inner_width_none sc_content_align_inherit sc_layouts_column_icons_position_left sc_fly_static\" data-id=\"8b7bf22\" data-element_type=\"column\">\n\t\t\t<div class=\"elementor-widget-wrap elementor-element-populated\">\n\t\t\t\t\t\t<div class=\"elementor-element elementor-element-95eef8d sc_fly_static elementor-widget elementor-widget-text-editor\" data-id=\"95eef8d\" data-element_type=\"widget\" data-widget_type=\"text-editor.default\">\n\t\t\t\t<div class=\"elementor-widget-container\">\n\t\t\t\t\t\t\t\t\t<strong>Einf\u00fchrung und Konzept von Cookies.<\/strong>\n\nIn \u00dcbereinstimmung mit den Bestimmungen des zweiten Abschnitts von Artikel 22 des Gesetzes 34\/2002 vom 11. Juli \u00fcber Dienste der Informationsgesellschaft und den elektronischen Handel zielt dieses Dokument von Cas Pag\u00e9s C. B., im Folgenden DAS UNTERNEHMEN, darauf ab, Sie dar\u00fcber zu informieren, was Cookies sind sind, ihre Funktion, N\u00fctzlichkeit und Notwendigkeit, sodass Sie frei dar\u00fcber entscheiden k\u00f6nnen, ob Sie sie akzeptieren oder nicht. Dennoch werden Sie ausdr\u00fccklich dar\u00fcber informiert, dass es Cookies geben kann, die f\u00fcr die Kommunikation zwischen Ihrem Computer und dem Netzwerk sowie f\u00fcr die Bereitstellung der von Ihnen ausdr\u00fccklich angeforderten Dienste erforderlich sind. In beiden F\u00e4llen sind Sie von der Einhaltung der in diesem Artikel festgelegten Verpflichtungen ausgenommen .\n\nEin Cookie ist einfach eine Datei mit einem anonymen Code, die auf Ihren Computer heruntergeladen wird, wenn Sie auf bestimmte Webseiten zugreifen. Diese kleinen Dateien erm\u00f6glichen es einer Webseite unter anderem, Informationen \u00fcber die Surfgewohnheiten eines Benutzers oder seines Teams auf der Website passiv zu speichern, aufzuzeichnen und abzurufen. Mithilfe dieser Informationen k\u00f6nnen Sie den Ort, von dem aus Sie zugreifen, die Verbindungszeit, die Art des Ger\u00e4ts, von dem aus Sie zugreifen (Festnetz oder Mobiltelefon), das Betriebssystem, den Browser, die am h\u00e4ufigsten besuchten Seiten und die Anzahl der get\u00e4tigten Klicks ermitteln. u.a. Daten zum Nutzerverhalten im Internet.\n\nSie k\u00f6nnen Cookies in Ihrem Browser jederzeit deaktivieren und l\u00f6schen. Sie sollten jedoch wissen, dass die Website zwar ohne die Aktivierung von Cookies zug\u00e4nglich ist, deren Deaktivierung jedoch m\u00f6glicherweise deren ordnungsgem\u00e4\u00dfe Funktion beeintr\u00e4chtigt. Um mehr \u00fcber Cookies zu erfahren, k\u00f6nnen Sie die folgende URL besuchen: <a href=\"http:\/\/www.aboutcookies.org\/\">http:\/\/www.aboutcookies.org\/<\/a>.\n\n<strong>Arten von Cookies.<\/strong>\n\nCookies werden entsprechend ihrer Funktion in die folgenden Kategorien eingeteilt:\n<ul>\n \t<li><em><u>Unbedingt notwendige oder technische Cookies:<\/u><\/em> Hierbei handelt es sich um Cookies, die es dem Benutzer erm\u00f6glichen, durch eine Website, Plattform oder Anwendung zu navigieren und die verschiedenen darin vorhandenen Optionen oder Dienste zu nutzen.<\/li>\n<\/ul>\n<ul>\n \t<li><em><u>Personalisierungs-Cookies:<\/u><\/em> Dabei handelt es sich um Cookies, die es dem Benutzer erm\u00f6glichen, einige allgemeine Merkmale zu konfigurieren, die den Zugriff auf den Dienst erm\u00f6glichen (Sprache, Browsertyp usw.).<\/li>\n<\/ul>\n<ul>\n \t<li><em><u>Analyse-Cookies:<\/u><\/em> Hierbei handelt es sich um Cookies, die es dem Verantwortlichen erm\u00f6glichen, das Verhalten der Nutzer der Websites, mit denen sie verlinkt sind, zu \u00fcberwachen und zu analysieren. Diese werden verwendet, um die Aktivit\u00e4t der Websites oder Anwendungen zu analysieren, auf die der Benutzer zugreift, sowie um Navigationsprofile zu erstellen, mit denen Verbesserungen f\u00fcr Benutzer auf diesen Websites oder Anwendungen untersucht werden k\u00f6nnen.<\/li>\n<\/ul>\n<ul>\n \t<li><em><u>Werbe-Cookies:<\/u><\/em> Diese werden zur Verwaltung der Werbefl\u00e4chen verwendet, die der Eigent\u00fcmer der Website oder Anwendung darin integriert hat.<\/li>\n<\/ul>\n<ul>\n \t<li><em><u>Verhaltensbasierte Werbe-Cookies:<\/u><\/em> Hierbei handelt es sich um Cookies, die eine m\u00f6glichst effiziente Verwaltung der Werbefl\u00e4chen erm\u00f6glichen, die der Eigent\u00fcmer der Website oder Anwendung darin integriert hat. Hierzu nutzt es die in diesen Cookies gespeicherten Daten zum Nutzerverhalten.<\/li>\n<\/ul>\n<strong>Verwendung von Cookies auf der Website.<\/strong>\n\nWir informieren Sie ausdr\u00fccklich, pr\u00e4zise und unmissverst\u00e4ndlich dar\u00fcber, dass die durch die auf Ihrem Computer installierten Cookies erhaltenen Informationen, mit Ausnahme derjenigen, die m\u00f6glicherweise zur Personalisierung der Navigation und f\u00fcr technische Probleme verwendet werden, von uns nicht verwendet werden, da wir keine Analysen oder Werbung durchf\u00fchren Kekse jeglicher Art. Die Empf\u00e4nger der durch die auf Ihrem Computer installierten Cookies erhaltenen Informationen sind die folgenden Unternehmen:\n<ul>\n \t<li>Google<\/li>\n<\/ul>\nDie vorgesehenen Verwendungszwecke sind in der folgenden Tabelle aufgef\u00fchrt:\n<table class=\"tabla-aleman\" width=\"93%\">\n<tbody>\n<tr>\n<td width=\"17%\"><strong>Cookie<\/strong><\/td>\n<td width=\"13%\"><strong>\u00dcberschrift<\/strong><\/td>\n<td width=\"23%\"><strong>Ablaufdatum<\/strong><\/td>\n<td width=\"44%\"><strong>Funktionalit\u00e4t<\/strong><\/td>\n<\/tr>\n<tr>\n<td width=\"17%\">_utma<\/td>\n<td width=\"13%\"><strong>Google<\/strong><\/td>\n<td width=\"23%\">2 Jahre<\/td>\n<td width=\"44%\">Identifizierung eindeutiger Besucher: Wird zur Erfassung eindeutiger Besucher f\u00fcr statistische und analytische Zwecke verwendet.<\/td>\n<\/tr>\n<tr>\n<td width=\"17%\">_utmb<\/td>\n<td width=\"13%\"><strong>Google<\/strong><\/td>\n<td width=\"23%\">30 Minuten<\/td>\n<td width=\"44%\">Ermittlung der Besuchersitzung: Google Analytics verwendet zwei Cookies, um eine Sitzung einzurichten. Fehlt eines dieser beiden Cookies, leitet eine andere Aktivit\u00e4t den Beginn einer neuen Sitzung ein.<\/td>\n<\/tr>\n<tr>\n<td width=\"17%\">_utmc<\/td>\n<td width=\"13%\"><strong>Google<\/strong><\/td>\n<td width=\"23%\">Sitzung<\/td>\n<td width=\"44%\">Ermittlung der Besuchersitzung: Google Analytics verwendet zwei Cookies, um eine Sitzung einzurichten. Fehlt eines dieser beiden Cookies, leitet eine andere Aktivit\u00e4t den Beginn einer neuen Sitzung ein.<\/td>\n<\/tr>\n<tr>\n<td width=\"17%\">_utmt<\/td>\n<td width=\"13%\"><strong>Google<\/strong><\/td>\n<td width=\"23%\">10 Minuten<\/td>\n<td width=\"44%\">Google Analytics. Wird verwendet, um den Prozentsatz der Anfragen zu begrenzen.<\/td>\n<\/tr>\n<tr>\n<td width=\"17%\">_utmz<\/td>\n<td width=\"13%\"><strong>Google<\/strong><\/td>\n<td width=\"23%\">6 Monate<\/td>\n<td width=\"44%\">Aufzeichnung von Verkehrs- und Navigationsquellen: Wird verwendet, um aufzuzeichnen, wie Sie auf unsere Website gelangt sind (\u00fcber eine Google-Suche, eine Anzeige usw.) und die Wege, denen Sie beim Surfen auf unserer Website folgen. Wir verwenden diese Informationen, um das Benutzererlebnis in zuk\u00fcnftigen Updates zu verbessern.<\/td>\n<\/tr>\n<\/tbody>\n<\/table>\n<strong>Widerruf der Berechtigung zur Verwendung von Cookies und Browsereinstellungen<\/strong>\n\nWie wir Sie bereits dar\u00fcber informiert haben, k\u00f6nnen Sie nach der Installation der Cookies jederzeit Ihre Einwilligung widerrufen und sie l\u00f6schen. Dazu k\u00f6nnen Sie die Inhalts- und Datenschutzkonfigurationsoptionen verwenden, die in dem Browser verf\u00fcgbar sind, den Sie beim Surfen im Internet verwenden.\n\n<strong>Aktualisierung der Cookie-Richtlinie und Kontakt<\/strong>\n\nDiese Cookie-Richtlinie kann je nach den verwendeten Cookies variieren. Wir empfehlen Ihnen, diese Richtlinie jedes Mal zu lesen, wenn Sie auf unsere Website zugreifen, um ausreichend dar\u00fcber informiert zu sein, wie und warum wir Cookies verwenden, und um \u00fcber etwaige \u00c4nderungen in der Art der erfassten Daten informiert zu sein.\t\t\t\t\t\t\t\t<\/div>\n\t\t\t\t<\/div>\n\t\t\t\t\t<\/div>\n\t\t<\/div>\n\t\t\t\t\t<\/div>\n\t\t<\/section>\n\t\t\t\t<section class=\"elementor-section elementor-top-section elementor-element elementor-element-1ce0fbce elementor-section-stretched fondo-general elementor-section-boxed elementor-section-height-default elementor-section-height-default sc_fly_static\" data-id=\"1ce0fbce\" data-element_type=\"section\" data-settings=\"{&quot;stretch_section&quot;:&quot;section-stretched&quot;}\">\n\t\t\t\t\t\t<div class=\"elementor-container elementor-column-gap-extended\">\n\t\t\t\t\t<div class=\"elementor-column elementor-col-100 elementor-top-column elementor-element elementor-element-71737124 sc_inner_width_none sc_content_align_inherit sc_layouts_column_icons_position_left sc_fly_static\" data-id=\"71737124\" data-element_type=\"column\">\n\t\t\t<div class=\"elementor-widget-wrap elementor-element-populated\">\n\t\t\t\t\t\t<div class=\"elementor-element elementor-element-653057c1 sc_fly_static elementor-widget elementor-widget-spacer\" data-id=\"653057c1\" data-element_type=\"widget\" data-widget_type=\"spacer.default\">\n\t\t\t\t<div class=\"elementor-widget-container\">\n\t\t\t\t\t\t\t<div class=\"elementor-spacer\">\n\t\t\t<div class=\"elementor-spacer-inner\"><\/div>\n\t\t<\/div>\n\t\t\t\t\t\t<\/div>\n\t\t\t\t<\/div>\n\t\t\t\t\t<\/div>\n\t\t<\/div>\n\t\t\t\t\t<\/div>\n\t\t<\/section>\n\t\t\t\t<\/div>\n\t\t","protected":false},"excerpt":{"rendered":"<p>Cookie-Richtlinie Einf\u00fchrung und Konzept von Cookies. In \u00dcbereinstimmung mit den Bestimmungen des zweiten Abschnitts von Artikel 22 des Gesetzes 34\/2002 vom 11. Juli \u00fcber Dienste der Informationsgesellschaft und den elektronischen Handel zielt dieses Dokument von Cas Pag\u00e9s C. B., im Folgenden DAS UNTERNEHMEN, darauf ab, Sie dar\u00fcber zu informieren, was Cookies sind sind, ihre Funktion, N\u00fctzlichkeit und Notwendigkeit, sodass Sie&hellip;<\/p>\n","protected":false},"author":1,"featured_media":0,"parent":0,"menu_order":0,"comment_status":"closed","ping_status":"closed","template":"","meta":{"footnotes":""},"class_list":["post-26585","page","type-page","status-publish","hentry"],"yoast_head":"<!-- This site is optimized with the Yoast SEO Premium plugin v21.8 (Yoast SEO v25.9) - https:\/\/yoast.com\/wordpress\/plugins\/seo\/ -->\n<title>Cookie-Richtlinie - Ca&#039;s Pag\u00e8s<\/title>\n<meta name=\"robots\" content=\"index, follow, max-snippet:-1, max-image-preview:large, max-video-preview:-1\" \/>\n<link rel=\"canonical\" href=\"https:\/\/caspages.es\/de\/cookie-richtlinie\/\" \/>\n<meta property=\"og:locale\" content=\"de_DE\" \/>\n<meta property=\"og:type\" content=\"article\" \/>\n<meta property=\"og:title\" content=\"Cookie-Richtlinie\" \/>\n<meta property=\"og:description\" content=\"Cookie-Richtlinie Einf\u00fchrung und Konzept von Cookies. In \u00dcbereinstimmung mit den Bestimmungen des zweiten Abschnitts von Artikel 22 des Gesetzes 34\/2002 vom 11. Juli \u00fcber Dienste der Informationsgesellschaft und den elektronischen Handel zielt dieses Dokument von Cas Pag\u00e9s C. B., im Folgenden DAS UNTERNEHMEN, darauf ab, Sie dar\u00fcber zu informieren, was Cookies sind sind, ihre Funktion, N\u00fctzlichkeit und Notwendigkeit, sodass Sie&hellip;\" \/>\n<meta property=\"og:url\" content=\"https:\/\/caspages.es\/de\/cookie-richtlinie\/\" \/>\n<meta property=\"og:site_name\" content=\"Ca&#039;s Pag\u00e8s\" \/>\n<meta property=\"article:modified_time\" content=\"2023-11-15T10:01:03+00:00\" \/>\n<meta name=\"twitter:card\" content=\"summary_large_image\" \/>\n<meta name=\"twitter:label1\" content=\"Gesch\u00e4tzte Lesezeit\" \/>\n\t<meta name=\"twitter:data1\" content=\"4\u00a0Minuten\" \/>\n<script type=\"application\/ld+json\" class=\"yoast-schema-graph\">{\"@context\":\"https:\/\/schema.org\",\"@graph\":[{\"@type\":\"WebPage\",\"@id\":\"https:\/\/caspages.es\/de\/cookie-richtlinie\/\",\"url\":\"https:\/\/caspages.es\/de\/cookie-richtlinie\/\",\"name\":\"Cookie-Richtlinie - Ca&#039;s Pag\u00e8s\",\"isPartOf\":{\"@id\":\"https:\/\/caspages.es\/de\/#website\"},\"datePublished\":\"2023-09-08T07:32:31+00:00\",\"dateModified\":\"2023-11-15T10:01:03+00:00\",\"breadcrumb\":{\"@id\":\"https:\/\/caspages.es\/de\/cookie-richtlinie\/#breadcrumb\"},\"inLanguage\":\"de\",\"potentialAction\":[{\"@type\":\"ReadAction\",\"target\":[\"https:\/\/caspages.es\/de\/cookie-richtlinie\/\"]}]},{\"@type\":\"BreadcrumbList\",\"@id\":\"https:\/\/caspages.es\/de\/cookie-richtlinie\/#breadcrumb\",\"itemListElement\":[{\"@type\":\"ListItem\",\"position\":1,\"name\":\"Home\",\"item\":\"https:\/\/caspages.es\/de\/\"},{\"@type\":\"ListItem\",\"position\":2,\"name\":\"Cookie-Richtlinie\"}]},{\"@type\":\"WebSite\",\"@id\":\"https:\/\/caspages.es\/de\/#website\",\"url\":\"https:\/\/caspages.es\/de\/\",\"name\":\"Ca&#039;s Pag\u00e8s\",\"description\":\"Typisches Ibiza-Restaurant\",\"publisher\":{\"@id\":\"https:\/\/caspages.es\/de\/#organization\"},\"potentialAction\":[{\"@type\":\"SearchAction\",\"target\":{\"@type\":\"EntryPoint\",\"urlTemplate\":\"https:\/\/caspages.es\/de\/?s={search_term_string}\"},\"query-input\":{\"@type\":\"PropertyValueSpecification\",\"valueRequired\":true,\"valueName\":\"search_term_string\"}}],\"inLanguage\":\"de\"},{\"@type\":\"Organization\",\"@id\":\"https:\/\/caspages.es\/de\/#organization\",\"name\":\"Ca&#039;s Pag\u00e8s\",\"url\":\"https:\/\/caspages.es\/de\/\",\"logo\":{\"@type\":\"ImageObject\",\"inLanguage\":\"de\",\"@id\":\"https:\/\/caspages.es\/de\/#\/schema\/logo\/image\/\",\"url\":\"https:\/\/caspages.es\/wp-content\/uploads\/2022\/08\/Cas_Pages_logo.png\",\"contentUrl\":\"https:\/\/caspages.es\/wp-content\/uploads\/2022\/08\/Cas_Pages_logo.png\",\"width\":216,\"height\":76,\"caption\":\"Ca&#039;s Pag\u00e8s\"},\"image\":{\"@id\":\"https:\/\/caspages.es\/de\/#\/schema\/logo\/image\/\"}}]}<\/script>\n<!-- \/ Yoast SEO Premium plugin. -->","yoast_head_json":{"title":"Cookie-Richtlinie - Ca&#039;s Pag\u00e8s","robots":{"index":"index","follow":"follow","max-snippet":"max-snippet:-1","max-image-preview":"max-image-preview:large","max-video-preview":"max-video-preview:-1"},"canonical":"https:\/\/caspages.es\/de\/cookie-richtlinie\/","og_locale":"de_DE","og_type":"article","og_title":"Cookie-Richtlinie","og_description":"Cookie-Richtlinie Einf\u00fchrung und Konzept von Cookies. In \u00dcbereinstimmung mit den Bestimmungen des zweiten Abschnitts von Artikel 22 des Gesetzes 34\/2002 vom 11. Juli \u00fcber Dienste der Informationsgesellschaft und den elektronischen Handel zielt dieses Dokument von Cas Pag\u00e9s C. B., im Folgenden DAS UNTERNEHMEN, darauf ab, Sie dar\u00fcber zu informieren, was Cookies sind sind, ihre Funktion, N\u00fctzlichkeit und Notwendigkeit, sodass Sie&hellip;","og_url":"https:\/\/caspages.es\/de\/cookie-richtlinie\/","og_site_name":"Ca&#039;s Pag\u00e8s","article_modified_time":"2023-11-15T10:01:03+00:00","twitter_card":"summary_large_image","twitter_misc":{"Gesch\u00e4tzte Lesezeit":"4\u00a0Minuten"},"schema":{"@context":"https:\/\/schema.org","@graph":[{"@type":"WebPage","@id":"https:\/\/caspages.es\/de\/cookie-richtlinie\/","url":"https:\/\/caspages.es\/de\/cookie-richtlinie\/","name":"Cookie-Richtlinie - Ca&#039;s Pag\u00e8s","isPartOf":{"@id":"https:\/\/caspages.es\/de\/#website"},"datePublished":"2023-09-08T07:32:31+00:00","dateModified":"2023-11-15T10:01:03+00:00","breadcrumb":{"@id":"https:\/\/caspages.es\/de\/cookie-richtlinie\/#breadcrumb"},"inLanguage":"de","potentialAction":[{"@type":"ReadAction","target":["https:\/\/caspages.es\/de\/cookie-richtlinie\/"]}]},{"@type":"BreadcrumbList","@id":"https:\/\/caspages.es\/de\/cookie-richtlinie\/#breadcrumb","itemListElement":[{"@type":"ListItem","position":1,"name":"Home","item":"https:\/\/caspages.es\/de\/"},{"@type":"ListItem","position":2,"name":"Cookie-Richtlinie"}]},{"@type":"WebSite","@id":"https:\/\/caspages.es\/de\/#website","url":"https:\/\/caspages.es\/de\/","name":"Ca&#039;s Pag\u00e8s","description":"Typisches Ibiza-Restaurant","publisher":{"@id":"https:\/\/caspages.es\/de\/#organization"},"potentialAction":[{"@type":"SearchAction","target":{"@type":"EntryPoint","urlTemplate":"https:\/\/caspages.es\/de\/?s={search_term_string}"},"query-input":{"@type":"PropertyValueSpecification","valueRequired":true,"valueName":"search_term_string"}}],"inLanguage":"de"},{"@type":"Organization","@id":"https:\/\/caspages.es\/de\/#organization","name":"Ca&#039;s Pag\u00e8s","url":"https:\/\/caspages.es\/de\/","logo":{"@type":"ImageObject","inLanguage":"de","@id":"https:\/\/caspages.es\/de\/#\/schema\/logo\/image\/","url":"https:\/\/caspages.es\/wp-content\/uploads\/2022\/08\/Cas_Pages_logo.png","contentUrl":"https:\/\/caspages.es\/wp-content\/uploads\/2022\/08\/Cas_Pages_logo.png","width":216,"height":76,"caption":"Ca&#039;s Pag\u00e8s"},"image":{"@id":"https:\/\/caspages.es\/de\/#\/schema\/logo\/image\/"}}]}},"_links":{"self":[{"href":"https:\/\/caspages.es\/de\/wp-json\/wp\/v2\/pages\/26585","targetHints":{"allow":["GET"]}}],"collection":[{"href":"https:\/\/caspages.es\/de\/wp-json\/wp\/v2\/pages"}],"about":[{"href":"https:\/\/caspages.es\/de\/wp-json\/wp\/v2\/types\/page"}],"author":[{"embeddable":true,"href":"https:\/\/caspages.es\/de\/wp-json\/wp\/v2\/users\/1"}],"replies":[{"embeddable":true,"href":"https:\/\/caspages.es\/de\/wp-json\/wp\/v2\/comments?post=26585"}],"version-history":[{"count":16,"href":"https:\/\/caspages.es\/de\/wp-json\/wp\/v2\/pages\/26585\/revisions"}],"predecessor-version":[{"id":27655,"href":"https:\/\/caspages.es\/de\/wp-json\/wp\/v2\/pages\/26585\/revisions\/27655"}],"wp:attachment":[{"href":"https:\/\/caspages.es\/de\/wp-json\/wp\/v2\/media?parent=26585"}],"curies":[{"name":"wp","href":"https:\/\/api.w.org\/{rel}","templated":true}]}}