{"id":26586,"date":"2023-09-08T07:32:31","date_gmt":"2023-09-08T07:32:31","guid":{"rendered":"https:\/\/caspages.es\/?page_id=26586"},"modified":"2023-11-14T09:20:37","modified_gmt":"2023-11-14T09:20:37","slug":"datenschutz","status":"publish","type":"page","link":"https:\/\/caspages.es\/de\/datenschutz\/","title":{"rendered":"Datenschutz"},"content":{"rendered":"\t\t<div data-elementor-type=\"wp-page\" data-elementor-id=\"26586\" class=\"elementor elementor-26586 elementor-20558\" data-elementor-post-type=\"page\">\n\t\t\t\t\t\t<section class=\"elementor-section elementor-top-section elementor-element elementor-element-f3c33fe elementor-section-stretched fondo-general elementor-section-boxed elementor-section-height-default elementor-section-height-default sc_fly_static\" data-id=\"f3c33fe\" data-element_type=\"section\" data-settings=\"{&quot;background_background&quot;:&quot;classic&quot;,&quot;stretch_section&quot;:&quot;section-stretched&quot;}\">\n\t\t\t\t\t\t<div class=\"elementor-container elementor-column-gap-extended\">\n\t\t\t\t\t<div class=\"elementor-column elementor-col-100 elementor-top-column elementor-element elementor-element-86a9526 sc_inner_width_none sc_content_align_inherit sc_layouts_column_icons_position_left sc_fly_static\" data-id=\"86a9526\" data-element_type=\"column\">\n\t\t\t<div class=\"elementor-widget-wrap elementor-element-populated\">\n\t\t\t\t\t\t<div class=\"elementor-element elementor-element-56a2a64 cardo titulos-marron sc_fly_static elementor-widget elementor-widget-heading\" data-id=\"56a2a64\" data-element_type=\"widget\" data-widget_type=\"heading.default\">\n\t\t\t\t<div class=\"elementor-widget-container\">\n\t\t\t\t\t<h1 class=\"elementor-heading-title elementor-size-default\">Datenschutzrichtlinie<\/h1>\t\t\t\t<\/div>\n\t\t\t\t<\/div>\n\t\t\t\t\t<\/div>\n\t\t<\/div>\n\t\t\t\t\t<\/div>\n\t\t<\/section>\n\t\t\t\t<section class=\"elementor-section elementor-top-section elementor-element elementor-element-a11e1fb elementor-section-stretched fondo-general elementor-section-boxed elementor-section-height-default elementor-section-height-default sc_fly_static\" data-id=\"a11e1fb\" data-element_type=\"section\" data-settings=\"{&quot;stretch_section&quot;:&quot;section-stretched&quot;}\">\n\t\t\t\t\t\t<div class=\"elementor-container elementor-column-gap-extended\">\n\t\t\t\t\t<div class=\"elementor-column elementor-col-100 elementor-top-column elementor-element elementor-element-0dfcf30 sc_inner_width_none sc_content_align_inherit sc_layouts_column_icons_position_left sc_fly_static\" data-id=\"0dfcf30\" data-element_type=\"column\">\n\t\t\t<div class=\"elementor-widget-wrap elementor-element-populated\">\n\t\t\t\t\t\t<div class=\"elementor-element elementor-element-301cfb3 sc_fly_static elementor-widget elementor-widget-spacer\" data-id=\"301cfb3\" data-element_type=\"widget\" data-widget_type=\"spacer.default\">\n\t\t\t\t<div class=\"elementor-widget-container\">\n\t\t\t\t\t\t\t<div class=\"elementor-spacer\">\n\t\t\t<div class=\"elementor-spacer-inner\"><\/div>\n\t\t<\/div>\n\t\t\t\t\t\t<\/div>\n\t\t\t\t<\/div>\n\t\t\t\t\t<\/div>\n\t\t<\/div>\n\t\t\t\t\t<\/div>\n\t\t<\/section>\n\t\t\t\t<section class=\"elementor-section elementor-top-section elementor-element elementor-element-ae3011f elementor-section-stretched fondo-general dmsans elementor-section-boxed elementor-section-height-default elementor-section-height-default sc_fly_static\" data-id=\"ae3011f\" data-element_type=\"section\" data-settings=\"{&quot;background_background&quot;:&quot;classic&quot;,&quot;stretch_section&quot;:&quot;section-stretched&quot;}\">\n\t\t\t\t\t\t<div class=\"elementor-container elementor-column-gap-extended\">\n\t\t\t\t\t<div class=\"elementor-column elementor-col-100 elementor-top-column elementor-element elementor-element-353caff sc_inner_width_none sc_content_align_inherit sc_layouts_column_icons_position_left sc_fly_static\" data-id=\"353caff\" data-element_type=\"column\">\n\t\t\t<div class=\"elementor-widget-wrap elementor-element-populated\">\n\t\t\t\t\t\t<div class=\"elementor-element elementor-element-7f955dc sc_fly_static elementor-widget elementor-widget-text-editor\" data-id=\"7f955dc\" data-element_type=\"widget\" data-widget_type=\"text-editor.default\">\n\t\t\t\t<div class=\"elementor-widget-container\">\n\t\t\t\t\t\t\t\t\t<p>In \u00dcbereinstimmung mit der geltenden Gesetzgebung zum Schutz personenbezogener Daten informieren wir Sie dar\u00fcber, dass die personenbezogenen Daten, die Sie uns durch Ausf\u00fcllen des auf dieser Seite angezeigten elektronischen Registrierungsformulars zur Verf\u00fcgung stellen, in Dateien gesammelt werden, die f\u00fcr Folgendes verantwortlich sind:<br \/>Cas Pag\u00e9s C. B.<\/p><p>Gem\u00e4\u00df den Bestimmungen dieser Gesetzgebung kann der Inhaber personenbezogener Daten seine Rechte auf Zugang, Berichtigung, L\u00f6schung, Widerspruch, Einschr\u00e4nkung der Verarbeitung, Daten\u00fcbertragbarkeit und darauf, nicht individuellen automatisierten Entscheidungen, einschlie\u00dflich Profiling, unterworfen zu werden, schriftlich aus\u00fcben Zu:<\/p><p>Cas Pag\u00e9s C. B.<br \/>Cas Pag\u00e9s, Ctra. San Carlos, Pg. 1, N\u00ba. 79<br \/>Santa Eulalia del R\u00edo<\/p><p>F\u00fcgen Sie Ihrer Anfrage eine Kopie eines aktuellen amtlichen Dokuments bei, das Ihre Identit\u00e4t nachweist.<br \/>Die Nichteingabe der im Registrierungsformular als obligatorisch aufgef\u00fchrten personenbezogenen Daten kann dazu f\u00fchren, dass wir Ihre Anfrage nicht beantworten k\u00f6nnen.<\/p><p>Wir bitten Sie, Cas Pag\u00e9s C. B. unverz\u00fcglich \u00fcber jede \u00c4nderung Ihrer pers\u00f6nlichen Daten zu informieren, damit die in unseren Dateien enthaltenen Informationen immer aktuell sind und keine Fehler enthalten. Ebenso best\u00e4tigen Sie durch die Annahme dieser rechtlichen Hinweise, dass die erfassten Informationen und personenbezogenen Daten korrekt und wahrheitsgem\u00e4\u00df sind.<\/p><p>Die Erhebung Ihrer personenbezogenen Daten erfolgt zum Zwecke der Abwicklung von Gesch\u00e4ftsbeziehungen. Die Behandlung ist legal, wenn mindestens eine der folgenden Bedingungen vorliegt:<\/p><p>1. Der Interessent hat der Verarbeitung seiner personenbezogenen Daten f\u00fcr einen oder mehrere bestimmte Zwecke zugestimmt;<\/p><p>2. die Verarbeitung ist f\u00fcr die Durchf\u00fchrung eines Vertrags, dessen Vertragspartei der Interessent ist, oder f\u00fcr die Durchf\u00fchrung vorvertraglicher Ma\u00dfnahmen auf Wunsch des Interessenten erforderlich;<\/p><p>3. die Verarbeitung zur Erf\u00fcllung einer f\u00fcr den Verantwortlichen geltenden rechtlichen Verpflichtung erforderlich ist.<\/p><p>Wir informieren Sie auch dar\u00fcber, dass unser Server m\u00f6glicherweise eine Datei (\u201eCookie\u201c) an Ihren Computer sendet, die uns technische Informationen \u00fcber die gew\u00e4hlte Sprache und andere Navigationsoptionen f\u00fcr die Seiten liefert, die Sie \u00fcber www.caspages.es besuchen. Sie haben in jedem Fall die M\u00f6glichkeit, Ihren Computer so zu konfigurieren, dass er die Installation dieser \u201eCookies\u201c ablehnt.<\/p><p>Cas Pag\u00e9s C. B. verpflichtet sich, Ihre pers\u00f6nlichen Daten absolut vertraulich zu behandeln und nur f\u00fcr die angegebenen Zwecke zu verwenden.<\/p><p>Wir informieren Sie dar\u00fcber, dass Cas Pag\u00e9s C. B. die gesetzlich vorgeschriebenen Sicherheitsma\u00dfnahmen in seinen Einrichtungen, Systemen und Dateien ergriffen hat, die durch die Datenschutzgesetzgebung erforderlich sind. Ebenso garantiert der Dateiverantwortliche die Vertraulichkeit personenbezogener Daten, legt jedoch die personenbezogenen Daten und alle anderen Informationen, die sich in seinem Besitz befinden oder \u00fcber seine Systeme zug\u00e4nglich sind, gegen\u00fcber den zust\u00e4ndigen Beh\u00f6rden offen und ist gem\u00e4\u00df den gesetzlichen Bestimmungen erforderlich . anwendbar.<\/p><p>Der Dateninhaber ist in jedem Fall f\u00fcr die Richtigkeit, Genauigkeit, G\u00fcltigkeit, Authentizit\u00e4t und Relevanz der bereitgestellten personenbezogenen Daten verantwortlich.<\/p><p>\u00a0<\/p>\t\t\t\t\t\t\t\t<\/div>\n\t\t\t\t<\/div>\n\t\t\t\t\t<\/div>\n\t\t<\/div>\n\t\t\t\t\t<\/div>\n\t\t<\/section>\n\t\t\t\t<section class=\"elementor-section elementor-top-section elementor-element elementor-element-4db172f elementor-section-stretched fondo-general elementor-section-boxed elementor-section-height-default elementor-section-height-default sc_fly_static\" data-id=\"4db172f\" data-element_type=\"section\" data-settings=\"{&quot;stretch_section&quot;:&quot;section-stretched&quot;}\">\n\t\t\t\t\t\t<div class=\"elementor-container elementor-column-gap-extended\">\n\t\t\t\t\t<div class=\"elementor-column elementor-col-100 elementor-top-column elementor-element elementor-element-bb75d57 sc_inner_width_none sc_content_align_inherit sc_layouts_column_icons_position_left sc_fly_static\" data-id=\"bb75d57\" data-element_type=\"column\">\n\t\t\t<div class=\"elementor-widget-wrap elementor-element-populated\">\n\t\t\t\t\t\t<div class=\"elementor-element elementor-element-bb94869 sc_fly_static elementor-widget elementor-widget-spacer\" data-id=\"bb94869\" data-element_type=\"widget\" data-widget_type=\"spacer.default\">\n\t\t\t\t<div class=\"elementor-widget-container\">\n\t\t\t\t\t\t\t<div class=\"elementor-spacer\">\n\t\t\t<div class=\"elementor-spacer-inner\"><\/div>\n\t\t<\/div>\n\t\t\t\t\t\t<\/div>\n\t\t\t\t<\/div>\n\t\t\t\t\t<\/div>\n\t\t<\/div>\n\t\t\t\t\t<\/div>\n\t\t<\/section>\n\t\t\t\t<\/div>\n\t\t","protected":false},"excerpt":{"rendered":"<p>Datenschutzrichtlinie In \u00dcbereinstimmung mit der geltenden Gesetzgebung zum Schutz personenbezogener Daten informieren wir Sie dar\u00fcber, dass die personenbezogenen Daten, die Sie uns durch Ausf\u00fcllen des auf dieser Seite angezeigten elektronischen Registrierungsformulars zur Verf\u00fcgung stellen, in Dateien gesammelt werden, die f\u00fcr Folgendes verantwortlich sind:Cas Pag\u00e9s C. B. Gem\u00e4\u00df den Bestimmungen dieser Gesetzgebung kann der Inhaber personenbezogener Daten seine Rechte auf Zugang,&hellip;<\/p>\n","protected":false},"author":1,"featured_media":0,"parent":0,"menu_order":0,"comment_status":"closed","ping_status":"closed","template":"","meta":{"footnotes":""},"class_list":["post-26586","page","type-page","status-publish","hentry"],"yoast_head":"<!-- This site is optimized with the Yoast SEO Premium plugin v21.8 (Yoast SEO v25.9) - https:\/\/yoast.com\/wordpress\/plugins\/seo\/ -->\n<title>Datenschutz - Ca&#039;s Pag\u00e8s<\/title>\n<meta name=\"robots\" content=\"index, follow, max-snippet:-1, max-image-preview:large, max-video-preview:-1\" \/>\n<link rel=\"canonical\" href=\"https:\/\/caspages.es\/de\/datenschutz\/\" \/>\n<meta property=\"og:locale\" content=\"de_DE\" \/>\n<meta property=\"og:type\" content=\"article\" \/>\n<meta property=\"og:title\" content=\"Datenschutz\" \/>\n<meta property=\"og:description\" content=\"Datenschutzrichtlinie In \u00dcbereinstimmung mit der geltenden Gesetzgebung zum Schutz personenbezogener Daten informieren wir Sie dar\u00fcber, dass die personenbezogenen Daten, die Sie uns durch Ausf\u00fcllen des auf dieser Seite angezeigten elektronischen Registrierungsformulars zur Verf\u00fcgung stellen, in Dateien gesammelt werden, die f\u00fcr Folgendes verantwortlich sind:Cas Pag\u00e9s C. B. Gem\u00e4\u00df den Bestimmungen dieser Gesetzgebung kann der Inhaber personenbezogener Daten seine Rechte auf Zugang,&hellip;\" \/>\n<meta property=\"og:url\" content=\"https:\/\/caspages.es\/de\/datenschutz\/\" \/>\n<meta property=\"og:site_name\" content=\"Ca&#039;s Pag\u00e8s\" \/>\n<meta property=\"article:modified_time\" content=\"2023-11-14T09:20:37+00:00\" \/>\n<meta name=\"twitter:card\" content=\"summary_large_image\" \/>\n<meta name=\"twitter:label1\" content=\"Gesch\u00e4tzte Lesezeit\" \/>\n\t<meta name=\"twitter:data1\" content=\"2\u00a0Minuten\" \/>\n<script type=\"application\/ld+json\" class=\"yoast-schema-graph\">{\"@context\":\"https:\/\/schema.org\",\"@graph\":[{\"@type\":\"WebPage\",\"@id\":\"https:\/\/caspages.es\/de\/datenschutz\/\",\"url\":\"https:\/\/caspages.es\/de\/datenschutz\/\",\"name\":\"Datenschutz - Ca&#039;s Pag\u00e8s\",\"isPartOf\":{\"@id\":\"https:\/\/caspages.es\/de\/#website\"},\"datePublished\":\"2023-09-08T07:32:31+00:00\",\"dateModified\":\"2023-11-14T09:20:37+00:00\",\"breadcrumb\":{\"@id\":\"https:\/\/caspages.es\/de\/datenschutz\/#breadcrumb\"},\"inLanguage\":\"de\",\"potentialAction\":[{\"@type\":\"ReadAction\",\"target\":[\"https:\/\/caspages.es\/de\/datenschutz\/\"]}]},{\"@type\":\"BreadcrumbList\",\"@id\":\"https:\/\/caspages.es\/de\/datenschutz\/#breadcrumb\",\"itemListElement\":[{\"@type\":\"ListItem\",\"position\":1,\"name\":\"Home\",\"item\":\"https:\/\/caspages.es\/de\/\"},{\"@type\":\"ListItem\",\"position\":2,\"name\":\"Datenschutz\"}]},{\"@type\":\"WebSite\",\"@id\":\"https:\/\/caspages.es\/de\/#website\",\"url\":\"https:\/\/caspages.es\/de\/\",\"name\":\"Ca&#039;s Pag\u00e8s\",\"description\":\"Typisches Ibiza-Restaurant\",\"publisher\":{\"@id\":\"https:\/\/caspages.es\/de\/#organization\"},\"potentialAction\":[{\"@type\":\"SearchAction\",\"target\":{\"@type\":\"EntryPoint\",\"urlTemplate\":\"https:\/\/caspages.es\/de\/?s={search_term_string}\"},\"query-input\":{\"@type\":\"PropertyValueSpecification\",\"valueRequired\":true,\"valueName\":\"search_term_string\"}}],\"inLanguage\":\"de\"},{\"@type\":\"Organization\",\"@id\":\"https:\/\/caspages.es\/de\/#organization\",\"name\":\"Ca&#039;s Pag\u00e8s\",\"url\":\"https:\/\/caspages.es\/de\/\",\"logo\":{\"@type\":\"ImageObject\",\"inLanguage\":\"de\",\"@id\":\"https:\/\/caspages.es\/de\/#\/schema\/logo\/image\/\",\"url\":\"https:\/\/caspages.es\/wp-content\/uploads\/2022\/08\/Cas_Pages_logo.png\",\"contentUrl\":\"https:\/\/caspages.es\/wp-content\/uploads\/2022\/08\/Cas_Pages_logo.png\",\"width\":216,\"height\":76,\"caption\":\"Ca&#039;s Pag\u00e8s\"},\"image\":{\"@id\":\"https:\/\/caspages.es\/de\/#\/schema\/logo\/image\/\"}}]}<\/script>\n<!-- \/ Yoast SEO Premium plugin. -->","yoast_head_json":{"title":"Datenschutz - Ca&#039;s Pag\u00e8s","robots":{"index":"index","follow":"follow","max-snippet":"max-snippet:-1","max-image-preview":"max-image-preview:large","max-video-preview":"max-video-preview:-1"},"canonical":"https:\/\/caspages.es\/de\/datenschutz\/","og_locale":"de_DE","og_type":"article","og_title":"Datenschutz","og_description":"Datenschutzrichtlinie In \u00dcbereinstimmung mit der geltenden Gesetzgebung zum Schutz personenbezogener Daten informieren wir Sie dar\u00fcber, dass die personenbezogenen Daten, die Sie uns durch Ausf\u00fcllen des auf dieser Seite angezeigten elektronischen Registrierungsformulars zur Verf\u00fcgung stellen, in Dateien gesammelt werden, die f\u00fcr Folgendes verantwortlich sind:Cas Pag\u00e9s C. B. Gem\u00e4\u00df den Bestimmungen dieser Gesetzgebung kann der Inhaber personenbezogener Daten seine Rechte auf Zugang,&hellip;","og_url":"https:\/\/caspages.es\/de\/datenschutz\/","og_site_name":"Ca&#039;s Pag\u00e8s","article_modified_time":"2023-11-14T09:20:37+00:00","twitter_card":"summary_large_image","twitter_misc":{"Gesch\u00e4tzte Lesezeit":"2\u00a0Minuten"},"schema":{"@context":"https:\/\/schema.org","@graph":[{"@type":"WebPage","@id":"https:\/\/caspages.es\/de\/datenschutz\/","url":"https:\/\/caspages.es\/de\/datenschutz\/","name":"Datenschutz - Ca&#039;s Pag\u00e8s","isPartOf":{"@id":"https:\/\/caspages.es\/de\/#website"},"datePublished":"2023-09-08T07:32:31+00:00","dateModified":"2023-11-14T09:20:37+00:00","breadcrumb":{"@id":"https:\/\/caspages.es\/de\/datenschutz\/#breadcrumb"},"inLanguage":"de","potentialAction":[{"@type":"ReadAction","target":["https:\/\/caspages.es\/de\/datenschutz\/"]}]},{"@type":"BreadcrumbList","@id":"https:\/\/caspages.es\/de\/datenschutz\/#breadcrumb","itemListElement":[{"@type":"ListItem","position":1,"name":"Home","item":"https:\/\/caspages.es\/de\/"},{"@type":"ListItem","position":2,"name":"Datenschutz"}]},{"@type":"WebSite","@id":"https:\/\/caspages.es\/de\/#website","url":"https:\/\/caspages.es\/de\/","name":"Ca&#039;s Pag\u00e8s","description":"Typisches Ibiza-Restaurant","publisher":{"@id":"https:\/\/caspages.es\/de\/#organization"},"potentialAction":[{"@type":"SearchAction","target":{"@type":"EntryPoint","urlTemplate":"https:\/\/caspages.es\/de\/?s={search_term_string}"},"query-input":{"@type":"PropertyValueSpecification","valueRequired":true,"valueName":"search_term_string"}}],"inLanguage":"de"},{"@type":"Organization","@id":"https:\/\/caspages.es\/de\/#organization","name":"Ca&#039;s Pag\u00e8s","url":"https:\/\/caspages.es\/de\/","logo":{"@type":"ImageObject","inLanguage":"de","@id":"https:\/\/caspages.es\/de\/#\/schema\/logo\/image\/","url":"https:\/\/caspages.es\/wp-content\/uploads\/2022\/08\/Cas_Pages_logo.png","contentUrl":"https:\/\/caspages.es\/wp-content\/uploads\/2022\/08\/Cas_Pages_logo.png","width":216,"height":76,"caption":"Ca&#039;s Pag\u00e8s"},"image":{"@id":"https:\/\/caspages.es\/de\/#\/schema\/logo\/image\/"}}]}},"_links":{"self":[{"href":"https:\/\/caspages.es\/de\/wp-json\/wp\/v2\/pages\/26586","targetHints":{"allow":["GET"]}}],"collection":[{"href":"https:\/\/caspages.es\/de\/wp-json\/wp\/v2\/pages"}],"about":[{"href":"https:\/\/caspages.es\/de\/wp-json\/wp\/v2\/types\/page"}],"author":[{"embeddable":true,"href":"https:\/\/caspages.es\/de\/wp-json\/wp\/v2\/users\/1"}],"replies":[{"embeddable":true,"href":"https:\/\/caspages.es\/de\/wp-json\/wp\/v2\/comments?post=26586"}],"version-history":[{"count":7,"href":"https:\/\/caspages.es\/de\/wp-json\/wp\/v2\/pages\/26586\/revisions"}],"predecessor-version":[{"id":26980,"href":"https:\/\/caspages.es\/de\/wp-json\/wp\/v2\/pages\/26586\/revisions\/26980"}],"wp:attachment":[{"href":"https:\/\/caspages.es\/de\/wp-json\/wp\/v2\/media?parent=26586"}],"curies":[{"name":"wp","href":"https:\/\/api.w.org\/{rel}","templated":true}]}}