{"id":26995,"date":"2023-09-08T07:32:31","date_gmt":"2023-09-08T07:32:31","guid":{"rendered":"https:\/\/caspages.es\/?page_id=26995"},"modified":"2023-11-14T11:03:07","modified_gmt":"2023-11-14T11:03:07","slug":"mentions-legales","status":"publish","type":"page","link":"https:\/\/caspages.es\/fr\/mentions-legales\/","title":{"rendered":"Mentions l\u00e9gales"},"content":{"rendered":"\t\t<div data-elementor-type=\"wp-page\" data-elementor-id=\"26995\" class=\"elementor elementor-26995 elementor-20558\" data-elementor-post-type=\"page\">\n\t\t\t\t\t\t<section class=\"elementor-section elementor-top-section elementor-element elementor-element-f7dc95e elementor-section-stretched fondo-general elementor-section-boxed elementor-section-height-default elementor-section-height-default sc_fly_static\" data-id=\"f7dc95e\" data-element_type=\"section\" data-settings=\"{&quot;background_background&quot;:&quot;classic&quot;,&quot;stretch_section&quot;:&quot;section-stretched&quot;}\">\n\t\t\t\t\t\t<div class=\"elementor-container elementor-column-gap-extended\">\n\t\t\t\t\t<div class=\"elementor-column elementor-col-100 elementor-top-column elementor-element elementor-element-5af4086 sc_inner_width_none sc_content_align_inherit sc_layouts_column_icons_position_left sc_fly_static\" data-id=\"5af4086\" data-element_type=\"column\">\n\t\t\t<div class=\"elementor-widget-wrap elementor-element-populated\">\n\t\t\t\t\t\t<div class=\"elementor-element elementor-element-37a9833 cardo titulos-marron sc_fly_static elementor-widget elementor-widget-heading\" data-id=\"37a9833\" data-element_type=\"widget\" data-widget_type=\"heading.default\">\n\t\t\t\t<div class=\"elementor-widget-container\">\n\t\t\t\t\t<h1 class=\"elementor-heading-title elementor-size-default\">Informations l\u00e9gales<\/h1>\t\t\t\t<\/div>\n\t\t\t\t<\/div>\n\t\t\t\t\t<\/div>\n\t\t<\/div>\n\t\t\t\t\t<\/div>\n\t\t<\/section>\n\t\t\t\t<section class=\"elementor-section elementor-top-section elementor-element elementor-element-d4203ba elementor-section-stretched fondo-general elementor-section-boxed elementor-section-height-default elementor-section-height-default sc_fly_static\" data-id=\"d4203ba\" data-element_type=\"section\" data-settings=\"{&quot;stretch_section&quot;:&quot;section-stretched&quot;}\">\n\t\t\t\t\t\t<div class=\"elementor-container elementor-column-gap-extended\">\n\t\t\t\t\t<div class=\"elementor-column elementor-col-100 elementor-top-column elementor-element elementor-element-fc55f04 sc_inner_width_none sc_content_align_inherit sc_layouts_column_icons_position_left sc_fly_static\" data-id=\"fc55f04\" data-element_type=\"column\">\n\t\t\t<div class=\"elementor-widget-wrap elementor-element-populated\">\n\t\t\t\t\t\t<div class=\"elementor-element elementor-element-9931b76 sc_fly_static elementor-widget elementor-widget-spacer\" data-id=\"9931b76\" data-element_type=\"widget\" data-widget_type=\"spacer.default\">\n\t\t\t\t<div class=\"elementor-widget-container\">\n\t\t\t\t\t\t\t<div class=\"elementor-spacer\">\n\t\t\t<div class=\"elementor-spacer-inner\"><\/div>\n\t\t<\/div>\n\t\t\t\t\t\t<\/div>\n\t\t\t\t<\/div>\n\t\t\t\t\t<\/div>\n\t\t<\/div>\n\t\t\t\t\t<\/div>\n\t\t<\/section>\n\t\t\t\t<section class=\"elementor-section elementor-top-section elementor-element elementor-element-b589146 elementor-section-stretched fondo-general dmsans elementor-section-boxed elementor-section-height-default elementor-section-height-default sc_fly_static\" data-id=\"b589146\" data-element_type=\"section\" data-settings=\"{&quot;background_background&quot;:&quot;classic&quot;,&quot;stretch_section&quot;:&quot;section-stretched&quot;}\">\n\t\t\t\t\t\t<div class=\"elementor-container elementor-column-gap-extended\">\n\t\t\t\t\t<div class=\"elementor-column elementor-col-100 elementor-top-column elementor-element elementor-element-b2c3fac sc_inner_width_none sc_content_align_inherit sc_layouts_column_icons_position_left sc_fly_static\" data-id=\"b2c3fac\" data-element_type=\"column\">\n\t\t\t<div class=\"elementor-widget-wrap elementor-element-populated\">\n\t\t\t\t\t\t<div class=\"elementor-element elementor-element-2770824 sc_fly_static elementor-widget elementor-widget-text-editor\" data-id=\"2770824\" data-element_type=\"widget\" data-widget_type=\"text-editor.default\">\n\t\t\t\t<div class=\"elementor-widget-container\">\n\t\t\t\t\t\t\t\t\t<p>Conform\u00e9ment aux dispositions de l&rsquo;article 10 de la loi 34\/2002 sur les services de la soci\u00e9t\u00e9 de l&rsquo;information et le commerce \u00e9lectronique, tous nos clients, utilisateurs et visiteurs sont inform\u00e9s des informations juridiques relatives \u00e0 la soci\u00e9t\u00e9 propri\u00e9taire du site. :<\/p><p>\u00a0<\/p><p><u>www.caspages.es<\/u><\/p><p><strong>Nom de l\u2019entreprise :<\/strong> Cas Pages C.B.<\/p><p><strong>Adresse fiscale :<\/strong> Cas Pag\u00e9s, Rue San Carlos, Pg. 1, No. 79<\/p><p><strong>C.I.F. (Code d&rsquo;identification fiscale) :<\/strong> E07639362<\/p>\t\t\t\t\t\t\t\t<\/div>\n\t\t\t\t<\/div>\n\t\t\t\t\t<\/div>\n\t\t<\/div>\n\t\t\t\t\t<\/div>\n\t\t<\/section>\n\t\t\t\t<section class=\"elementor-section elementor-top-section elementor-element elementor-element-5ba1b3f elementor-section-stretched fondo-general elementor-section-boxed elementor-section-height-default elementor-section-height-default sc_fly_static\" data-id=\"5ba1b3f\" data-element_type=\"section\" data-settings=\"{&quot;stretch_section&quot;:&quot;section-stretched&quot;}\">\n\t\t\t\t\t\t<div class=\"elementor-container elementor-column-gap-extended\">\n\t\t\t\t\t<div class=\"elementor-column elementor-col-100 elementor-top-column elementor-element elementor-element-de18d76 sc_inner_width_none sc_content_align_inherit sc_layouts_column_icons_position_left sc_fly_static\" data-id=\"de18d76\" data-element_type=\"column\">\n\t\t\t<div class=\"elementor-widget-wrap elementor-element-populated\">\n\t\t\t\t\t\t<div class=\"elementor-element elementor-element-8956a21 sc_fly_static elementor-widget elementor-widget-spacer\" data-id=\"8956a21\" data-element_type=\"widget\" data-widget_type=\"spacer.default\">\n\t\t\t\t<div class=\"elementor-widget-container\">\n\t\t\t\t\t\t\t<div class=\"elementor-spacer\">\n\t\t\t<div class=\"elementor-spacer-inner\"><\/div>\n\t\t<\/div>\n\t\t\t\t\t\t<\/div>\n\t\t\t\t<\/div>\n\t\t\t\t\t<\/div>\n\t\t<\/div>\n\t\t\t\t\t<\/div>\n\t\t<\/section>\n\t\t\t\t<\/div>\n\t\t","protected":false},"excerpt":{"rendered":"<p>Informations l\u00e9gales Conform\u00e9ment aux dispositions de l&rsquo;article 10 de la loi 34\/2002 sur les services de la soci\u00e9t\u00e9 de l&rsquo;information et le commerce \u00e9lectronique, tous nos clients, utilisateurs et visiteurs sont inform\u00e9s des informations juridiques relatives \u00e0 la soci\u00e9t\u00e9 propri\u00e9taire du site. : \u00a0 www.caspages.es Nom de l\u2019entreprise : Cas Pages C.B. Adresse fiscale : Cas Pag\u00e9s, Rue San Carlos,&hellip;<\/p>\n","protected":false},"author":1,"featured_media":0,"parent":0,"menu_order":0,"comment_status":"closed","ping_status":"closed","template":"","meta":{"footnotes":""},"class_list":["post-26995","page","type-page","status-publish","hentry"],"yoast_head":"<!-- This site is optimized with the Yoast SEO Premium plugin v21.8 (Yoast SEO v25.9) - https:\/\/yoast.com\/wordpress\/plugins\/seo\/ -->\n<title>Mentions l\u00e9gales - Ca&#039;s Pag\u00e8s<\/title>\n<meta name=\"robots\" content=\"index, follow, max-snippet:-1, max-image-preview:large, max-video-preview:-1\" \/>\n<link rel=\"canonical\" href=\"https:\/\/caspages.es\/fr\/mentions-legales\/\" \/>\n<meta property=\"og:locale\" content=\"fr_FR\" \/>\n<meta property=\"og:type\" content=\"article\" \/>\n<meta property=\"og:title\" content=\"Mentions l\u00e9gales\" \/>\n<meta property=\"og:description\" content=\"Informations l\u00e9gales Conform\u00e9ment aux dispositions de l&rsquo;article 10 de la loi 34\/2002 sur les services de la soci\u00e9t\u00e9 de l&rsquo;information et le commerce \u00e9lectronique, tous nos clients, utilisateurs et visiteurs sont inform\u00e9s des informations juridiques relatives \u00e0 la soci\u00e9t\u00e9 propri\u00e9taire du site. : \u00a0 www.caspages.es Nom de l\u2019entreprise : Cas Pages C.B. Adresse fiscale : Cas Pag\u00e9s, Rue San Carlos,&hellip;\" \/>\n<meta property=\"og:url\" content=\"https:\/\/caspages.es\/fr\/mentions-legales\/\" \/>\n<meta property=\"og:site_name\" content=\"Ca&#039;s Pag\u00e8s\" \/>\n<meta property=\"article:modified_time\" content=\"2023-11-14T11:03:07+00:00\" \/>\n<meta name=\"twitter:card\" content=\"summary_large_image\" \/>\n<script type=\"application\/ld+json\" class=\"yoast-schema-graph\">{\"@context\":\"https:\/\/schema.org\",\"@graph\":[{\"@type\":\"WebPage\",\"@id\":\"https:\/\/caspages.es\/fr\/mentions-legales\/\",\"url\":\"https:\/\/caspages.es\/fr\/mentions-legales\/\",\"name\":\"Mentions l\u00e9gales - Ca&#039;s Pag\u00e8s\",\"isPartOf\":{\"@id\":\"https:\/\/caspages.es\/fr\/#website\"},\"datePublished\":\"2023-09-08T07:32:31+00:00\",\"dateModified\":\"2023-11-14T11:03:07+00:00\",\"breadcrumb\":{\"@id\":\"https:\/\/caspages.es\/fr\/mentions-legales\/#breadcrumb\"},\"inLanguage\":\"fr-FR\",\"potentialAction\":[{\"@type\":\"ReadAction\",\"target\":[\"https:\/\/caspages.es\/fr\/mentions-legales\/\"]}]},{\"@type\":\"BreadcrumbList\",\"@id\":\"https:\/\/caspages.es\/fr\/mentions-legales\/#breadcrumb\",\"itemListElement\":[{\"@type\":\"ListItem\",\"position\":1,\"name\":\"Home\",\"item\":\"https:\/\/caspages.es\/fr\/\"},{\"@type\":\"ListItem\",\"position\":2,\"name\":\"Mentions l\u00e9gales\"}]},{\"@type\":\"WebSite\",\"@id\":\"https:\/\/caspages.es\/fr\/#website\",\"url\":\"https:\/\/caspages.es\/fr\/\",\"name\":\"Ca&#039;s Pag\u00e8s\",\"description\":\"Restaurant de cuisine typique d&#039;Ibiza\",\"publisher\":{\"@id\":\"https:\/\/caspages.es\/fr\/#organization\"},\"potentialAction\":[{\"@type\":\"SearchAction\",\"target\":{\"@type\":\"EntryPoint\",\"urlTemplate\":\"https:\/\/caspages.es\/fr\/?s={search_term_string}\"},\"query-input\":{\"@type\":\"PropertyValueSpecification\",\"valueRequired\":true,\"valueName\":\"search_term_string\"}}],\"inLanguage\":\"fr-FR\"},{\"@type\":\"Organization\",\"@id\":\"https:\/\/caspages.es\/fr\/#organization\",\"name\":\"Ca&#039;s Pag\u00e8s\",\"url\":\"https:\/\/caspages.es\/fr\/\",\"logo\":{\"@type\":\"ImageObject\",\"inLanguage\":\"fr-FR\",\"@id\":\"https:\/\/caspages.es\/fr\/#\/schema\/logo\/image\/\",\"url\":\"https:\/\/caspages.es\/wp-content\/uploads\/2022\/08\/Cas_Pages_logo.png\",\"contentUrl\":\"https:\/\/caspages.es\/wp-content\/uploads\/2022\/08\/Cas_Pages_logo.png\",\"width\":216,\"height\":76,\"caption\":\"Ca&#039;s Pag\u00e8s\"},\"image\":{\"@id\":\"https:\/\/caspages.es\/fr\/#\/schema\/logo\/image\/\"}}]}<\/script>\n<!-- \/ Yoast SEO Premium plugin. -->","yoast_head_json":{"title":"Mentions l\u00e9gales - Ca&#039;s Pag\u00e8s","robots":{"index":"index","follow":"follow","max-snippet":"max-snippet:-1","max-image-preview":"max-image-preview:large","max-video-preview":"max-video-preview:-1"},"canonical":"https:\/\/caspages.es\/fr\/mentions-legales\/","og_locale":"fr_FR","og_type":"article","og_title":"Mentions l\u00e9gales","og_description":"Informations l\u00e9gales Conform\u00e9ment aux dispositions de l&rsquo;article 10 de la loi 34\/2002 sur les services de la soci\u00e9t\u00e9 de l&rsquo;information et le commerce \u00e9lectronique, tous nos clients, utilisateurs et visiteurs sont inform\u00e9s des informations juridiques relatives \u00e0 la soci\u00e9t\u00e9 propri\u00e9taire du site. : \u00a0 www.caspages.es Nom de l\u2019entreprise : Cas Pages C.B. Adresse fiscale : Cas Pag\u00e9s, Rue San Carlos,&hellip;","og_url":"https:\/\/caspages.es\/fr\/mentions-legales\/","og_site_name":"Ca&#039;s Pag\u00e8s","article_modified_time":"2023-11-14T11:03:07+00:00","twitter_card":"summary_large_image","schema":{"@context":"https:\/\/schema.org","@graph":[{"@type":"WebPage","@id":"https:\/\/caspages.es\/fr\/mentions-legales\/","url":"https:\/\/caspages.es\/fr\/mentions-legales\/","name":"Mentions l\u00e9gales - Ca&#039;s Pag\u00e8s","isPartOf":{"@id":"https:\/\/caspages.es\/fr\/#website"},"datePublished":"2023-09-08T07:32:31+00:00","dateModified":"2023-11-14T11:03:07+00:00","breadcrumb":{"@id":"https:\/\/caspages.es\/fr\/mentions-legales\/#breadcrumb"},"inLanguage":"fr-FR","potentialAction":[{"@type":"ReadAction","target":["https:\/\/caspages.es\/fr\/mentions-legales\/"]}]},{"@type":"BreadcrumbList","@id":"https:\/\/caspages.es\/fr\/mentions-legales\/#breadcrumb","itemListElement":[{"@type":"ListItem","position":1,"name":"Home","item":"https:\/\/caspages.es\/fr\/"},{"@type":"ListItem","position":2,"name":"Mentions l\u00e9gales"}]},{"@type":"WebSite","@id":"https:\/\/caspages.es\/fr\/#website","url":"https:\/\/caspages.es\/fr\/","name":"Ca&#039;s Pag\u00e8s","description":"Restaurant de cuisine typique d&#039;Ibiza","publisher":{"@id":"https:\/\/caspages.es\/fr\/#organization"},"potentialAction":[{"@type":"SearchAction","target":{"@type":"EntryPoint","urlTemplate":"https:\/\/caspages.es\/fr\/?s={search_term_string}"},"query-input":{"@type":"PropertyValueSpecification","valueRequired":true,"valueName":"search_term_string"}}],"inLanguage":"fr-FR"},{"@type":"Organization","@id":"https:\/\/caspages.es\/fr\/#organization","name":"Ca&#039;s Pag\u00e8s","url":"https:\/\/caspages.es\/fr\/","logo":{"@type":"ImageObject","inLanguage":"fr-FR","@id":"https:\/\/caspages.es\/fr\/#\/schema\/logo\/image\/","url":"https:\/\/caspages.es\/wp-content\/uploads\/2022\/08\/Cas_Pages_logo.png","contentUrl":"https:\/\/caspages.es\/wp-content\/uploads\/2022\/08\/Cas_Pages_logo.png","width":216,"height":76,"caption":"Ca&#039;s Pag\u00e8s"},"image":{"@id":"https:\/\/caspages.es\/fr\/#\/schema\/logo\/image\/"}}]}},"_links":{"self":[{"href":"https:\/\/caspages.es\/fr\/wp-json\/wp\/v2\/pages\/26995","targetHints":{"allow":["GET"]}}],"collection":[{"href":"https:\/\/caspages.es\/fr\/wp-json\/wp\/v2\/pages"}],"about":[{"href":"https:\/\/caspages.es\/fr\/wp-json\/wp\/v2\/types\/page"}],"author":[{"embeddable":true,"href":"https:\/\/caspages.es\/fr\/wp-json\/wp\/v2\/users\/1"}],"replies":[{"embeddable":true,"href":"https:\/\/caspages.es\/fr\/wp-json\/wp\/v2\/comments?post=26995"}],"version-history":[{"count":4,"href":"https:\/\/caspages.es\/fr\/wp-json\/wp\/v2\/pages\/26995\/revisions"}],"predecessor-version":[{"id":27283,"href":"https:\/\/caspages.es\/fr\/wp-json\/wp\/v2\/pages\/26995\/revisions\/27283"}],"wp:attachment":[{"href":"https:\/\/caspages.es\/fr\/wp-json\/wp\/v2\/media?parent=26995"}],"curies":[{"name":"wp","href":"https:\/\/api.w.org\/{rel}","templated":true}]}}