{"id":27001,"date":"2023-09-08T07:32:31","date_gmt":"2023-09-08T07:32:31","guid":{"rendered":"https:\/\/caspages.es\/?page_id=27001"},"modified":"2023-11-15T11:10:52","modified_gmt":"2023-11-15T11:10:52","slug":"cookies","status":"publish","type":"page","link":"https:\/\/caspages.es\/fr\/cookies\/","title":{"rendered":"Cookies"},"content":{"rendered":"\t\t<div data-elementor-type=\"wp-page\" data-elementor-id=\"27001\" class=\"elementor elementor-27001 elementor-20559\" data-elementor-post-type=\"page\">\n\t\t\t\t\t\t<section class=\"elementor-section elementor-top-section elementor-element elementor-element-2b1184b0 elementor-section-stretched fondo-general elementor-section-boxed elementor-section-height-default elementor-section-height-default sc_fly_static\" data-id=\"2b1184b0\" data-element_type=\"section\" data-settings=\"{&quot;background_background&quot;:&quot;classic&quot;,&quot;stretch_section&quot;:&quot;section-stretched&quot;}\">\n\t\t\t\t\t\t<div class=\"elementor-container elementor-column-gap-extended\">\n\t\t\t\t\t<div class=\"elementor-column elementor-col-100 elementor-top-column elementor-element elementor-element-153e1c19 sc_inner_width_none sc_content_align_inherit sc_layouts_column_icons_position_left sc_fly_static\" data-id=\"153e1c19\" data-element_type=\"column\">\n\t\t\t<div class=\"elementor-widget-wrap elementor-element-populated\">\n\t\t\t\t\t\t<div class=\"elementor-element elementor-element-61c2707 cardo titulos-marron sc_fly_static elementor-widget elementor-widget-heading\" data-id=\"61c2707\" data-element_type=\"widget\" data-widget_type=\"heading.default\">\n\t\t\t\t<div class=\"elementor-widget-container\">\n\t\t\t\t\t<h1 class=\"elementor-heading-title elementor-size-default\">Politique de cookies<\/h1>\t\t\t\t<\/div>\n\t\t\t\t<\/div>\n\t\t\t\t\t<\/div>\n\t\t<\/div>\n\t\t\t\t\t<\/div>\n\t\t<\/section>\n\t\t\t\t<section class=\"elementor-section elementor-top-section elementor-element elementor-element-7ef86bc8 elementor-section-stretched fondo-general elementor-section-boxed elementor-section-height-default elementor-section-height-default sc_fly_static\" data-id=\"7ef86bc8\" data-element_type=\"section\" data-settings=\"{&quot;stretch_section&quot;:&quot;section-stretched&quot;}\">\n\t\t\t\t\t\t<div class=\"elementor-container elementor-column-gap-extended\">\n\t\t\t\t\t<div class=\"elementor-column elementor-col-100 elementor-top-column elementor-element elementor-element-19372eea sc_inner_width_none sc_content_align_inherit sc_layouts_column_icons_position_left sc_fly_static\" data-id=\"19372eea\" data-element_type=\"column\">\n\t\t\t<div class=\"elementor-widget-wrap elementor-element-populated\">\n\t\t\t\t\t\t<div class=\"elementor-element elementor-element-690b98ed sc_fly_static elementor-widget elementor-widget-spacer\" data-id=\"690b98ed\" data-element_type=\"widget\" data-widget_type=\"spacer.default\">\n\t\t\t\t<div class=\"elementor-widget-container\">\n\t\t\t\t\t\t\t<div class=\"elementor-spacer\">\n\t\t\t<div class=\"elementor-spacer-inner\"><\/div>\n\t\t<\/div>\n\t\t\t\t\t\t<\/div>\n\t\t\t\t<\/div>\n\t\t\t\t\t<\/div>\n\t\t<\/div>\n\t\t\t\t\t<\/div>\n\t\t<\/section>\n\t\t\t\t<section class=\"elementor-section elementor-top-section elementor-element elementor-element-a2ec18c elementor-section-stretched fondo-general dmsans elementor-section-boxed elementor-section-height-default elementor-section-height-default sc_fly_static\" data-id=\"a2ec18c\" data-element_type=\"section\" data-settings=\"{&quot;background_background&quot;:&quot;classic&quot;,&quot;stretch_section&quot;:&quot;section-stretched&quot;}\">\n\t\t\t\t\t\t<div class=\"elementor-container elementor-column-gap-extended\">\n\t\t\t\t\t<div class=\"elementor-column elementor-col-100 elementor-top-column elementor-element elementor-element-e4f67bc sc_inner_width_none sc_content_align_inherit sc_layouts_column_icons_position_left sc_fly_static\" data-id=\"e4f67bc\" data-element_type=\"column\">\n\t\t\t<div class=\"elementor-widget-wrap elementor-element-populated\">\n\t\t\t\t\t\t<div class=\"elementor-element elementor-element-fc87c00 sc_fly_static elementor-widget elementor-widget-text-editor\" data-id=\"fc87c00\" data-element_type=\"widget\" data-widget_type=\"text-editor.default\">\n\t\t\t\t<div class=\"elementor-widget-container\">\n\t\t\t\t\t\t\t\t\t<p><strong>Introduction et notion de cookies.<\/strong><\/p><p>Conform\u00e9ment aux dispositions de la deuxi\u00e8me section de l&rsquo;article 22 de la loi 34\/2002 du 11 juillet sur les services de la soci\u00e9t\u00e9 de l&rsquo;information et du commerce \u00e9lectronique, avec ce document Cas Pag\u00e9s C. B., ci-apr\u00e8s L&rsquo;ENTREPRISE, Il vise \u00e0 vous faire prendre conscience de ce que sont les cookies sont, leur fonction, leur utilit\u00e9 et leur n\u00e9cessit\u00e9, afin que vous puissiez librement prendre la d\u00e9cision de les accepter ou non. Malgr\u00e9 cela, vous \u00eates explicitement inform\u00e9 qu&rsquo;il peut y avoir des cookies n\u00e9cessaires aux communications entre votre ordinateur et le r\u00e9seau, ainsi qu&rsquo;\u00e0 la fourniture des services express\u00e9ment demand\u00e9s par vous, \u00e9tant dans les deux cas dispens\u00e9s du respect des obligations \u00e9tablies audit article. .<\/p><p>Un cookie est simplement un fichier contenant un code anonyme qui est t\u00e9l\u00e9charg\u00e9 sur votre ordinateur lorsque vous acc\u00e9dez \u00e0 certaines pages Web. Ces petits fichiers permettent, entre autres, \u00e0 une page Web de stocker, d&rsquo;enregistrer et de r\u00e9cup\u00e9rer passivement des informations sur les habitudes de navigation d&rsquo;un utilisateur ou de son \u00e9quipe sur le site Web. Ces informations peuvent vous permettre de conna\u00eetre le lieu depuis lequel vous acc\u00e9dez, l&rsquo;heure de connexion, le type d&rsquo;appareil depuis lequel vous acc\u00e9dez (fixe ou mobile), le syst\u00e8me d&rsquo;exploitation, le navigateur, les pages les plus visit\u00e9es et le nombre de clics effectu\u00e9s, entre autres, des donn\u00e9es sur le comportement des utilisateurs sur Internet.<\/p><p>Vous pouvez d\u00e9sactiver les cookies dans votre navigateur et les supprimer \u00e0 tout moment. Cependant, vous devez savoir que bien que le site Internet soit accessible sans que les cookies ne soient activ\u00e9s, leur d\u00e9sactivation peut emp\u00eacher son bon fonctionnement. Pour en savoir plus sur les cookies, vous pouvez visiter l&rsquo;URL suivante : <a href=\"http:\/\/www.aboutcookies.org\/\">http:\/\/www.aboutcookies.org\/<\/a>.<\/p><p><strong>Types de cookies.<\/strong><\/p><p>Les cookies sont class\u00e9s dans les cat\u00e9gories suivantes selon leurs fonctions :<\/p><ul><li><em><u>Cookies strictement n\u00e9cessaires ou techniques :<\/u><\/em> ce sont ceux qui permettent \u00e0 l&rsquo;utilisateur de naviguer sur un site Internet, une plateforme ou une application, ainsi que d&rsquo;utiliser les diff\u00e9rentes options ou services qui y existent.<\/li><\/ul><ul><li><em><u>Cookies de personnalisation :<\/u><\/em> ce sont ceux qui permettent \u00e0 l&rsquo;utilisateur de configurer certaines caract\u00e9ristiques g\u00e9n\u00e9rales qui acc\u00e9deront au service (langue, type de navigateur, etc.).<\/li><\/ul><ul><li><em><u>Cookies d&rsquo;analyse :<\/u><\/em> ce sont ceux qui permettent \u00e0 leur responsable de suivre et d&rsquo;analyser le comportement des utilisateurs des sites Internet auxquels ils sont li\u00e9s. Ceux-ci sont utilis\u00e9s pour analyser l&rsquo;activit\u00e9 des sites ou des applications auxquels l&rsquo;utilisateur acc\u00e8de, ainsi que pour cr\u00e9er des profils de navigation pouvant \u00eatre utilis\u00e9s pour \u00e9tudier les am\u00e9liorations apport\u00e9es aux utilisateurs sur ces sites ou applications.<\/li><\/ul><ul><li><em><u>Cookies publicitaires :<\/u><\/em> ils sont utilis\u00e9s pour g\u00e9rer les espaces publicitaires que le propri\u00e9taire du site Web ou de l&rsquo;application y a inclus.<\/li><\/ul><ul><li><em><u>Cookies publicitaires bas\u00e9s sur le comportement :<\/u><\/em> ce sont ceux qui permettent de g\u00e9rer les espaces publicitaires que le propri\u00e9taire du site Web ou de l&rsquo;application y a inclus, de la mani\u00e8re la plus efficace possible. Pour ce faire, il utilise les donn\u00e9es de comportement des utilisateurs stock\u00e9es dans ces cookies.<\/li><\/ul><p><strong>Utilisation de cookies sur le site Internet.<\/strong><\/p><p>Nous vous informons express\u00e9ment, pr\u00e9cis\u00e9ment et sans \u00e9quivoque que les informations obtenues gr\u00e2ce aux cookies install\u00e9s sur votre ordinateur, \u00e0 l&rsquo;exception si possible de ceux utilis\u00e9s pour la personnalisation de la navigation et pour des questions techniques, ne seront pas utilis\u00e9es par nous, car nous n&rsquo;utilisons pas d&rsquo;analyse ou de publicit\u00e9. cookies de toute sorte. Les destinataires des informations obtenues gr\u00e2ce aux cookies install\u00e9s sur votre ordinateur seront les entit\u00e9s suivantes :<\/p><ul><li>Google<\/li><\/ul><p>\u00a0Les finalit\u00e9s pr\u00e9vues sont celles indiqu\u00e9es dans le tableau suivant :<\/p><table width=\"93%\"><tbody><tr><td width=\"17%\"><p><strong>Cookie<\/strong><\/p><\/td><td width=\"13%\"><p><strong>Gros titre<\/strong><\/p><\/td><td width=\"23%\"><p><strong>Date d&rsquo;expiration<\/strong><\/p><\/td><td width=\"44%\"><p><strong>Fonctionnalit\u00e9<\/strong><\/p><\/td><\/tr><tr><td width=\"17%\"><p>_utma<\/p><\/td><td width=\"13%\"><p><strong>Google<\/strong><\/p><\/td><td width=\"23%\"><p>2 ans<\/p><\/td><td width=\"44%\"><p>Identification des visiteurs uniques\u00a0: utilis\u00e9 pour enregistrer les visiteurs uniques \u00e0 des fins statistiques et analytiques.<\/p><\/td><\/tr><tr><td width=\"17%\"><p>_utmb<\/p><\/td><td width=\"13%\"><p><strong>Google<\/strong><\/p><\/td><td width=\"23%\"><p>30 minutes<\/p><\/td><td width=\"44%\"><p>D\u00e9termination de la session du visiteur : Google Analytics utilise deux cookies pour \u00e9tablir une session. Si l&rsquo;un de ces deux cookies est manquant, une autre activit\u00e9 initie le d\u00e9but d&rsquo;une nouvelle session.<\/p><\/td><\/tr><tr><td width=\"17%\"><p>_utmc<\/p><\/td><td width=\"13%\"><p><strong>Google<\/strong><\/p><\/td><td width=\"23%\"><p>Session<\/p><\/td><td width=\"44%\"><p>D\u00e9termination de la session du visiteur : Google Analytics utilise deux cookies pour \u00e9tablir une session. Si l&rsquo;un de ces deux cookies est manquant, une autre activit\u00e9 initie le d\u00e9but d&rsquo;une nouvelle session.<\/p><\/td><\/tr><tr><td width=\"17%\"><p>_utmt<\/p><\/td><td width=\"13%\"><p><strong>Google<\/strong><\/p><\/td><td width=\"23%\"><p>10 minutes<\/p><\/td><td width=\"44%\"><p>Google Analytics. Utilis\u00e9 pour limiter le pourcentage de demandes.<\/p><\/td><\/tr><tr><td width=\"17%\"><p>_utmz<\/p><\/td><td width=\"13%\"><p><strong>Google<\/strong><\/p><\/td><td width=\"23%\"><p>6 mois<\/p><\/td><td width=\"44%\"><p>Enregistrement du trafic et des sources de navigation : Permet d&rsquo;enregistrer comment vous \u00eates arriv\u00e9 sur notre site Internet (via une recherche Google, une publicit\u00e9, etc.) et les chemins que vous suivez lors de votre navigation sur notre site. Nous utilisons ces informations pour am\u00e9liorer l&rsquo;exp\u00e9rience utilisateur dans les futures mises \u00e0 jour.<\/p><\/td><\/tr><\/tbody><\/table><p><strong>R\u00e9vocation de l&rsquo;autorisation pour l&rsquo;utilisation de cookies et des param\u00e8tres du navigateur<\/strong><\/p><p>Comme nous vous l&rsquo;avons d\u00e9j\u00e0 inform\u00e9, une fois les Cookies install\u00e9s, vous pouvez \u00e0 tout moment r\u00e9voquer votre consentement et les supprimer. Pour ce faire, vous pouvez utiliser les options de configuration du contenu et de la confidentialit\u00e9 disponibles dans le navigateur que vous utilisez lors de votre navigation sur le Web.<\/p><p><strong>Mise \u00e0 jour de la Politique Cookies et contact<\/strong><\/p><p>Cette politique de cookies peut varier en fonction des cookies utilis\u00e9s. Nous vous recommandons de consulter cette politique chaque fois que vous acc\u00e9dez \u00e0 notre site Web afin d&rsquo;\u00eatre correctement inform\u00e9 sur comment et pourquoi nous utilisons des cookies et d&rsquo;\u00eatre au courant de tout changement dans le type de donn\u00e9es collect\u00e9es.<\/p>\t\t\t\t\t\t\t\t<\/div>\n\t\t\t\t<\/div>\n\t\t\t\t\t<\/div>\n\t\t<\/div>\n\t\t\t\t\t<\/div>\n\t\t<\/section>\n\t\t\t\t<section class=\"elementor-section elementor-top-section elementor-element elementor-element-1ce0fbce elementor-section-stretched fondo-general elementor-section-boxed elementor-section-height-default elementor-section-height-default sc_fly_static\" data-id=\"1ce0fbce\" data-element_type=\"section\" data-settings=\"{&quot;stretch_section&quot;:&quot;section-stretched&quot;}\">\n\t\t\t\t\t\t<div class=\"elementor-container elementor-column-gap-extended\">\n\t\t\t\t\t<div class=\"elementor-column elementor-col-100 elementor-top-column elementor-element elementor-element-71737124 sc_inner_width_none sc_content_align_inherit sc_layouts_column_icons_position_left sc_fly_static\" data-id=\"71737124\" data-element_type=\"column\">\n\t\t\t<div class=\"elementor-widget-wrap elementor-element-populated\">\n\t\t\t\t\t\t<div class=\"elementor-element elementor-element-653057c1 sc_fly_static elementor-widget elementor-widget-spacer\" data-id=\"653057c1\" data-element_type=\"widget\" data-widget_type=\"spacer.default\">\n\t\t\t\t<div class=\"elementor-widget-container\">\n\t\t\t\t\t\t\t<div class=\"elementor-spacer\">\n\t\t\t<div class=\"elementor-spacer-inner\"><\/div>\n\t\t<\/div>\n\t\t\t\t\t\t<\/div>\n\t\t\t\t<\/div>\n\t\t\t\t\t<\/div>\n\t\t<\/div>\n\t\t\t\t\t<\/div>\n\t\t<\/section>\n\t\t\t\t<\/div>\n\t\t","protected":false},"excerpt":{"rendered":"<p>Politique de cookies Introduction et notion de cookies. Conform\u00e9ment aux dispositions de la deuxi\u00e8me section de l&rsquo;article 22 de la loi 34\/2002 du 11 juillet sur les services de la soci\u00e9t\u00e9 de l&rsquo;information et du commerce \u00e9lectronique, avec ce document Cas Pag\u00e9s C. B., ci-apr\u00e8s L&rsquo;ENTREPRISE, Il vise \u00e0 vous faire prendre conscience de ce que sont les cookies sont,&hellip;<\/p>\n","protected":false},"author":1,"featured_media":0,"parent":0,"menu_order":0,"comment_status":"closed","ping_status":"closed","template":"","meta":{"footnotes":""},"class_list":["post-27001","page","type-page","status-publish","hentry"],"yoast_head":"<!-- This site is optimized with the Yoast SEO Premium plugin v21.8 (Yoast SEO v25.9) - https:\/\/yoast.com\/wordpress\/plugins\/seo\/ -->\n<title>Cookies - Ca&#039;s Pag\u00e8s<\/title>\n<meta name=\"robots\" content=\"index, follow, max-snippet:-1, max-image-preview:large, max-video-preview:-1\" \/>\n<link rel=\"canonical\" href=\"https:\/\/caspages.es\/fr\/cookies\/\" \/>\n<meta property=\"og:locale\" content=\"fr_FR\" \/>\n<meta property=\"og:type\" content=\"article\" \/>\n<meta property=\"og:title\" content=\"Cookies\" \/>\n<meta property=\"og:description\" content=\"Politique de cookies Introduction et notion de cookies. Conform\u00e9ment aux dispositions de la deuxi\u00e8me section de l&rsquo;article 22 de la loi 34\/2002 du 11 juillet sur les services de la soci\u00e9t\u00e9 de l&rsquo;information et du commerce \u00e9lectronique, avec ce document Cas Pag\u00e9s C. B., ci-apr\u00e8s L&rsquo;ENTREPRISE, Il vise \u00e0 vous faire prendre conscience de ce que sont les cookies sont,&hellip;\" \/>\n<meta property=\"og:url\" content=\"https:\/\/caspages.es\/fr\/cookies\/\" \/>\n<meta property=\"og:site_name\" content=\"Ca&#039;s Pag\u00e8s\" \/>\n<meta property=\"article:modified_time\" content=\"2023-11-15T11:10:52+00:00\" \/>\n<meta name=\"twitter:card\" content=\"summary_large_image\" \/>\n<meta name=\"twitter:label1\" content=\"Dur\u00e9e de lecture estim\u00e9e\" \/>\n\t<meta name=\"twitter:data1\" content=\"5 minutes\" \/>\n<script type=\"application\/ld+json\" class=\"yoast-schema-graph\">{\"@context\":\"https:\/\/schema.org\",\"@graph\":[{\"@type\":\"WebPage\",\"@id\":\"https:\/\/caspages.es\/fr\/cookies\/\",\"url\":\"https:\/\/caspages.es\/fr\/cookies\/\",\"name\":\"Cookies - Ca&#039;s Pag\u00e8s\",\"isPartOf\":{\"@id\":\"https:\/\/caspages.es\/fr\/#website\"},\"datePublished\":\"2023-09-08T07:32:31+00:00\",\"dateModified\":\"2023-11-15T11:10:52+00:00\",\"breadcrumb\":{\"@id\":\"https:\/\/caspages.es\/fr\/cookies\/#breadcrumb\"},\"inLanguage\":\"fr-FR\",\"potentialAction\":[{\"@type\":\"ReadAction\",\"target\":[\"https:\/\/caspages.es\/fr\/cookies\/\"]}]},{\"@type\":\"BreadcrumbList\",\"@id\":\"https:\/\/caspages.es\/fr\/cookies\/#breadcrumb\",\"itemListElement\":[{\"@type\":\"ListItem\",\"position\":1,\"name\":\"Home\",\"item\":\"https:\/\/caspages.es\/fr\/\"},{\"@type\":\"ListItem\",\"position\":2,\"name\":\"Cookies\"}]},{\"@type\":\"WebSite\",\"@id\":\"https:\/\/caspages.es\/fr\/#website\",\"url\":\"https:\/\/caspages.es\/fr\/\",\"name\":\"Ca&#039;s Pag\u00e8s\",\"description\":\"Restaurant de cuisine typique d&#039;Ibiza\",\"publisher\":{\"@id\":\"https:\/\/caspages.es\/fr\/#organization\"},\"potentialAction\":[{\"@type\":\"SearchAction\",\"target\":{\"@type\":\"EntryPoint\",\"urlTemplate\":\"https:\/\/caspages.es\/fr\/?s={search_term_string}\"},\"query-input\":{\"@type\":\"PropertyValueSpecification\",\"valueRequired\":true,\"valueName\":\"search_term_string\"}}],\"inLanguage\":\"fr-FR\"},{\"@type\":\"Organization\",\"@id\":\"https:\/\/caspages.es\/fr\/#organization\",\"name\":\"Ca&#039;s Pag\u00e8s\",\"url\":\"https:\/\/caspages.es\/fr\/\",\"logo\":{\"@type\":\"ImageObject\",\"inLanguage\":\"fr-FR\",\"@id\":\"https:\/\/caspages.es\/fr\/#\/schema\/logo\/image\/\",\"url\":\"https:\/\/caspages.es\/wp-content\/uploads\/2022\/08\/Cas_Pages_logo.png\",\"contentUrl\":\"https:\/\/caspages.es\/wp-content\/uploads\/2022\/08\/Cas_Pages_logo.png\",\"width\":216,\"height\":76,\"caption\":\"Ca&#039;s Pag\u00e8s\"},\"image\":{\"@id\":\"https:\/\/caspages.es\/fr\/#\/schema\/logo\/image\/\"}}]}<\/script>\n<!-- \/ Yoast SEO Premium plugin. -->","yoast_head_json":{"title":"Cookies - Ca&#039;s Pag\u00e8s","robots":{"index":"index","follow":"follow","max-snippet":"max-snippet:-1","max-image-preview":"max-image-preview:large","max-video-preview":"max-video-preview:-1"},"canonical":"https:\/\/caspages.es\/fr\/cookies\/","og_locale":"fr_FR","og_type":"article","og_title":"Cookies","og_description":"Politique de cookies Introduction et notion de cookies. Conform\u00e9ment aux dispositions de la deuxi\u00e8me section de l&rsquo;article 22 de la loi 34\/2002 du 11 juillet sur les services de la soci\u00e9t\u00e9 de l&rsquo;information et du commerce \u00e9lectronique, avec ce document Cas Pag\u00e9s C. B., ci-apr\u00e8s L&rsquo;ENTREPRISE, Il vise \u00e0 vous faire prendre conscience de ce que sont les cookies sont,&hellip;","og_url":"https:\/\/caspages.es\/fr\/cookies\/","og_site_name":"Ca&#039;s Pag\u00e8s","article_modified_time":"2023-11-15T11:10:52+00:00","twitter_card":"summary_large_image","twitter_misc":{"Dur\u00e9e de lecture estim\u00e9e":"5 minutes"},"schema":{"@context":"https:\/\/schema.org","@graph":[{"@type":"WebPage","@id":"https:\/\/caspages.es\/fr\/cookies\/","url":"https:\/\/caspages.es\/fr\/cookies\/","name":"Cookies - Ca&#039;s Pag\u00e8s","isPartOf":{"@id":"https:\/\/caspages.es\/fr\/#website"},"datePublished":"2023-09-08T07:32:31+00:00","dateModified":"2023-11-15T11:10:52+00:00","breadcrumb":{"@id":"https:\/\/caspages.es\/fr\/cookies\/#breadcrumb"},"inLanguage":"fr-FR","potentialAction":[{"@type":"ReadAction","target":["https:\/\/caspages.es\/fr\/cookies\/"]}]},{"@type":"BreadcrumbList","@id":"https:\/\/caspages.es\/fr\/cookies\/#breadcrumb","itemListElement":[{"@type":"ListItem","position":1,"name":"Home","item":"https:\/\/caspages.es\/fr\/"},{"@type":"ListItem","position":2,"name":"Cookies"}]},{"@type":"WebSite","@id":"https:\/\/caspages.es\/fr\/#website","url":"https:\/\/caspages.es\/fr\/","name":"Ca&#039;s Pag\u00e8s","description":"Restaurant de cuisine typique d&#039;Ibiza","publisher":{"@id":"https:\/\/caspages.es\/fr\/#organization"},"potentialAction":[{"@type":"SearchAction","target":{"@type":"EntryPoint","urlTemplate":"https:\/\/caspages.es\/fr\/?s={search_term_string}"},"query-input":{"@type":"PropertyValueSpecification","valueRequired":true,"valueName":"search_term_string"}}],"inLanguage":"fr-FR"},{"@type":"Organization","@id":"https:\/\/caspages.es\/fr\/#organization","name":"Ca&#039;s Pag\u00e8s","url":"https:\/\/caspages.es\/fr\/","logo":{"@type":"ImageObject","inLanguage":"fr-FR","@id":"https:\/\/caspages.es\/fr\/#\/schema\/logo\/image\/","url":"https:\/\/caspages.es\/wp-content\/uploads\/2022\/08\/Cas_Pages_logo.png","contentUrl":"https:\/\/caspages.es\/wp-content\/uploads\/2022\/08\/Cas_Pages_logo.png","width":216,"height":76,"caption":"Ca&#039;s Pag\u00e8s"},"image":{"@id":"https:\/\/caspages.es\/fr\/#\/schema\/logo\/image\/"}}]}},"_links":{"self":[{"href":"https:\/\/caspages.es\/fr\/wp-json\/wp\/v2\/pages\/27001","targetHints":{"allow":["GET"]}}],"collection":[{"href":"https:\/\/caspages.es\/fr\/wp-json\/wp\/v2\/pages"}],"about":[{"href":"https:\/\/caspages.es\/fr\/wp-json\/wp\/v2\/types\/page"}],"author":[{"embeddable":true,"href":"https:\/\/caspages.es\/fr\/wp-json\/wp\/v2\/users\/1"}],"replies":[{"embeddable":true,"href":"https:\/\/caspages.es\/fr\/wp-json\/wp\/v2\/comments?post=27001"}],"version-history":[{"count":5,"href":"https:\/\/caspages.es\/fr\/wp-json\/wp\/v2\/pages\/27001\/revisions"}],"predecessor-version":[{"id":27658,"href":"https:\/\/caspages.es\/fr\/wp-json\/wp\/v2\/pages\/27001\/revisions\/27658"}],"wp:attachment":[{"href":"https:\/\/caspages.es\/fr\/wp-json\/wp\/v2\/media?parent=27001"}],"curies":[{"name":"wp","href":"https:\/\/api.w.org\/{rel}","templated":true}]}}