{"id":27002,"date":"2023-09-08T07:31:44","date_gmt":"2023-09-08T07:31:44","guid":{"rendered":"https:\/\/caspages.es\/?page_id=27002"},"modified":"2023-11-15T11:11:00","modified_gmt":"2023-11-15T11:11:00","slug":"confidentialite","status":"publish","type":"page","link":"https:\/\/caspages.es\/fr\/confidentialite\/","title":{"rendered":"Confidentialit\u00e9"},"content":{"rendered":"\t\t<div data-elementor-type=\"wp-page\" data-elementor-id=\"27002\" class=\"elementor elementor-27002 elementor-20556\" data-elementor-post-type=\"page\">\n\t\t\t\t\t\t<section class=\"elementor-section elementor-top-section elementor-element elementor-element-f3c33fe elementor-section-stretched fondo-general elementor-section-boxed elementor-section-height-default elementor-section-height-default sc_fly_static\" data-id=\"f3c33fe\" data-element_type=\"section\" data-settings=\"{&quot;background_background&quot;:&quot;classic&quot;,&quot;stretch_section&quot;:&quot;section-stretched&quot;}\">\n\t\t\t\t\t\t<div class=\"elementor-container elementor-column-gap-extended\">\n\t\t\t\t\t<div class=\"elementor-column elementor-col-100 elementor-top-column elementor-element elementor-element-86a9526 sc_inner_width_none sc_content_align_inherit sc_layouts_column_icons_position_left sc_fly_static\" data-id=\"86a9526\" data-element_type=\"column\">\n\t\t\t<div class=\"elementor-widget-wrap elementor-element-populated\">\n\t\t\t\t\t\t<div class=\"elementor-element elementor-element-56a2a64 cardo titulos-marron sc_fly_static elementor-widget elementor-widget-heading\" data-id=\"56a2a64\" data-element_type=\"widget\" data-widget_type=\"heading.default\">\n\t\t\t\t<div class=\"elementor-widget-container\">\n\t\t\t\t\t<h1 class=\"elementor-heading-title elementor-size-default\">Politique de confidentialit\u00e9<\/h1>\t\t\t\t<\/div>\n\t\t\t\t<\/div>\n\t\t\t\t\t<\/div>\n\t\t<\/div>\n\t\t\t\t\t<\/div>\n\t\t<\/section>\n\t\t\t\t<section class=\"elementor-section elementor-top-section elementor-element elementor-element-a11e1fb elementor-section-stretched fondo-general elementor-section-boxed elementor-section-height-default elementor-section-height-default sc_fly_static\" data-id=\"a11e1fb\" data-element_type=\"section\" data-settings=\"{&quot;stretch_section&quot;:&quot;section-stretched&quot;}\">\n\t\t\t\t\t\t<div class=\"elementor-container elementor-column-gap-extended\">\n\t\t\t\t\t<div class=\"elementor-column elementor-col-100 elementor-top-column elementor-element elementor-element-0dfcf30 sc_inner_width_none sc_content_align_inherit sc_layouts_column_icons_position_left sc_fly_static\" data-id=\"0dfcf30\" data-element_type=\"column\">\n\t\t\t<div class=\"elementor-widget-wrap elementor-element-populated\">\n\t\t\t\t\t\t<div class=\"elementor-element elementor-element-301cfb3 sc_fly_static elementor-widget elementor-widget-spacer\" data-id=\"301cfb3\" data-element_type=\"widget\" data-widget_type=\"spacer.default\">\n\t\t\t\t<div class=\"elementor-widget-container\">\n\t\t\t\t\t\t\t<div class=\"elementor-spacer\">\n\t\t\t<div class=\"elementor-spacer-inner\"><\/div>\n\t\t<\/div>\n\t\t\t\t\t\t<\/div>\n\t\t\t\t<\/div>\n\t\t\t\t\t<\/div>\n\t\t<\/div>\n\t\t\t\t\t<\/div>\n\t\t<\/section>\n\t\t\t\t<section class=\"elementor-section elementor-top-section elementor-element elementor-element-ae3011f elementor-section-stretched fondo-general dmsans elementor-section-boxed elementor-section-height-default elementor-section-height-default sc_fly_static\" data-id=\"ae3011f\" data-element_type=\"section\" data-settings=\"{&quot;background_background&quot;:&quot;classic&quot;,&quot;stretch_section&quot;:&quot;section-stretched&quot;}\">\n\t\t\t\t\t\t<div class=\"elementor-container elementor-column-gap-extended\">\n\t\t\t\t\t<div class=\"elementor-column elementor-col-100 elementor-top-column elementor-element elementor-element-353caff sc_inner_width_none sc_content_align_inherit sc_layouts_column_icons_position_left sc_fly_static\" data-id=\"353caff\" data-element_type=\"column\">\n\t\t\t<div class=\"elementor-widget-wrap elementor-element-populated\">\n\t\t\t\t\t\t<div class=\"elementor-element elementor-element-7f955dc sc_fly_static elementor-widget elementor-widget-text-editor\" data-id=\"7f955dc\" data-element_type=\"widget\" data-widget_type=\"text-editor.default\">\n\t\t\t\t<div class=\"elementor-widget-container\">\n\t\t\t\t\t\t\t\t\t<p>Conform\u00e9ment \u00e0 la l\u00e9gislation en vigueur sur la protection des donn\u00e9es personnelles, nous vous informons que les donn\u00e9es personnelles que vous nous fournissez en remplissant le formulaire d&rsquo;inscription \u00e9lectronique qui appara\u00eet sur cette page seront collect\u00e9es dans des fichiers charg\u00e9s de:<\/p><p>Cas Pag\u00e9s C. B.<\/p><p>En vertu des dispositions de ladite l\u00e9gislation, le titulaire des donn\u00e9es personnelles peut exercer ses droits d&rsquo;acc\u00e8s, de rectification, de suppression, d&rsquo;opposition, de limitation du traitement, de portabilit\u00e9 des donn\u00e9es et ne pas faire l&rsquo;objet de d\u00e9cisions automatis\u00e9es individualis\u00e9es, y compris le profilage, en \u00e9crivant \u00e0:<\/p><p><strong>Cas Pag\u00e9s C. B.<\/strong><\/p><p>Cas Pag\u00e9s, Ctra.\u00a0San Carlos, Pg. 1, N\u00ba. 79<\/p><p>Santa Eulalia del R\u00edo<\/p><p>accompagner votre demande d\u2019une copie d\u2019un document officiel en cours de validit\u00e9 prouvant votre identit\u00e9.<\/p><p>Le fait de ne pas saisir les donn\u00e9es personnelles qui apparaissent comme obligatoires dans le formulaire d\u2019inscription peut avoir pour cons\u00e9quence que nous ne puissions pas r\u00e9pondre \u00e0 votre demande.<\/p><p>Nous vous demandons d&rsquo;informer imm\u00e9diatement Cas Pag\u00e9s C. B. de toute modification de vos donn\u00e9es personnelles afin que les informations contenues dans nos fichiers soient toujours \u00e0 jour et ne contiennent pas d&rsquo;erreurs. De m\u00eame, en acceptant les pr\u00e9sentes mentions l\u00e9gales, vous reconnaissez que les informations et donn\u00e9es personnelles collect\u00e9es sont exactes et v\u00e9ridiques.<\/p><p>La collecte de vos donn\u00e9es personnelles est effectu\u00e9e dans le but d&rsquo;entretenir des relations commerciales. Le traitement est l\u00e9gal sur la base d\u2019au moins une des conditions suivantes\u00a0:<\/p><ol><li>l&rsquo;int\u00e9ress\u00e9 a donn\u00e9 son consentement au traitement de ses donn\u00e9es personnelles pour une ou plusieurs finalit\u00e9s sp\u00e9cifiques ;<\/li><\/ol><ol start=\"2\"><li>le traitement est n\u00e9cessaire \u00e0 l&rsquo;ex\u00e9cution d&rsquo;un contrat auquel l&rsquo;int\u00e9ress\u00e9 est partie ou \u00e0 l&rsquo;application \u00e0 la demande de l&rsquo;int\u00e9ress\u00e9 de mesures pr\u00e9contractuelles ;<\/li><\/ol><ol start=\"3\"><li>le traitement est n\u00e9cessaire au respect d&rsquo;une obligation l\u00e9gale applicable au responsable du traitement.<\/li><\/ol><p>Nous vous informons \u00e9galement que notre serveur peut envoyer un fichier (\u00ab cookie \u00bb) \u00e0 votre ordinateur, qui nous fournira des informations techniques sur la langue choisie et d&rsquo;autres options de navigation pour les pages que vous visitez via www.caspages.es. Dans tous les cas, vous avez la possibilit\u00e9 de configurer votre ordinateur pour qu&rsquo;il refuse l&rsquo;installation de ces \u00ab cookies \u00bb.<\/p><p>Cas Pag\u00e9s C. B. s&rsquo;engage \u00e0 traiter vos donn\u00e9es personnelles de mani\u00e8re absolument confidentielle et \u00e0 les utiliser uniquement aux fins indiqu\u00e9es.<\/p><p>Nous vous informons que Cas Pag\u00e9s C. B. a adopt\u00e9 les mesures de s\u00e9curit\u00e9 l\u00e9galement requises dans ses installations, syst\u00e8mes et fichiers requises par la l\u00e9gislation sur la protection des donn\u00e9es. De m\u00eame, le responsable du dossier garantit la confidentialit\u00e9 des donn\u00e9es personnelles, m\u00eame s&rsquo;il divulguera aux autorit\u00e9s publiques comp\u00e9tentes les donn\u00e9es personnelles et toute autre information en sa possession ou accessible via ses syst\u00e8mes et qui est requise conform\u00e9ment aux dispositions l\u00e9gales. .applicable.<\/p><p>Le propri\u00e9taire des donn\u00e9es est responsable, dans tous les cas, de la v\u00e9racit\u00e9, de l&rsquo;exactitude, de la validit\u00e9, de l&rsquo;authenticit\u00e9 et de la pertinence des donn\u00e9es personnelles fournies.<\/p>\t\t\t\t\t\t\t\t<\/div>\n\t\t\t\t<\/div>\n\t\t\t\t\t<\/div>\n\t\t<\/div>\n\t\t\t\t\t<\/div>\n\t\t<\/section>\n\t\t\t\t<section class=\"elementor-section elementor-top-section elementor-element elementor-element-4db172f elementor-section-stretched fondo-general elementor-section-boxed elementor-section-height-default elementor-section-height-default sc_fly_static\" data-id=\"4db172f\" data-element_type=\"section\" data-settings=\"{&quot;stretch_section&quot;:&quot;section-stretched&quot;}\">\n\t\t\t\t\t\t<div class=\"elementor-container elementor-column-gap-extended\">\n\t\t\t\t\t<div class=\"elementor-column elementor-col-100 elementor-top-column elementor-element elementor-element-bb75d57 sc_inner_width_none sc_content_align_inherit sc_layouts_column_icons_position_left sc_fly_static\" data-id=\"bb75d57\" data-element_type=\"column\">\n\t\t\t<div class=\"elementor-widget-wrap elementor-element-populated\">\n\t\t\t\t\t\t<div class=\"elementor-element elementor-element-bb94869 sc_fly_static elementor-widget elementor-widget-spacer\" data-id=\"bb94869\" data-element_type=\"widget\" data-widget_type=\"spacer.default\">\n\t\t\t\t<div class=\"elementor-widget-container\">\n\t\t\t\t\t\t\t<div class=\"elementor-spacer\">\n\t\t\t<div class=\"elementor-spacer-inner\"><\/div>\n\t\t<\/div>\n\t\t\t\t\t\t<\/div>\n\t\t\t\t<\/div>\n\t\t\t\t\t<\/div>\n\t\t<\/div>\n\t\t\t\t\t<\/div>\n\t\t<\/section>\n\t\t\t\t<\/div>\n\t\t","protected":false},"excerpt":{"rendered":"<p>Politique de confidentialit\u00e9 Conform\u00e9ment \u00e0 la l\u00e9gislation en vigueur sur la protection des donn\u00e9es personnelles, nous vous informons que les donn\u00e9es personnelles que vous nous fournissez en remplissant le formulaire d&rsquo;inscription \u00e9lectronique qui appara\u00eet sur cette page seront collect\u00e9es dans des fichiers charg\u00e9s de: Cas Pag\u00e9s C. B. En vertu des dispositions de ladite l\u00e9gislation, le titulaire des donn\u00e9es personnelles&hellip;<\/p>\n","protected":false},"author":1,"featured_media":0,"parent":0,"menu_order":0,"comment_status":"closed","ping_status":"closed","template":"","meta":{"footnotes":""},"class_list":["post-27002","page","type-page","status-publish","hentry"],"yoast_head":"<!-- This site is optimized with the Yoast SEO Premium plugin v21.8 (Yoast SEO v25.9) - https:\/\/yoast.com\/wordpress\/plugins\/seo\/ -->\n<title>Confidentialit\u00e9 - Ca&#039;s Pag\u00e8s<\/title>\n<meta name=\"robots\" content=\"index, follow, max-snippet:-1, max-image-preview:large, max-video-preview:-1\" \/>\n<link rel=\"canonical\" href=\"https:\/\/caspages.es\/fr\/confidentialite\/\" \/>\n<meta property=\"og:locale\" content=\"fr_FR\" \/>\n<meta property=\"og:type\" content=\"article\" \/>\n<meta property=\"og:title\" content=\"Confidentialit\u00e9\" \/>\n<meta property=\"og:description\" content=\"Politique de confidentialit\u00e9 Conform\u00e9ment \u00e0 la l\u00e9gislation en vigueur sur la protection des donn\u00e9es personnelles, nous vous informons que les donn\u00e9es personnelles que vous nous fournissez en remplissant le formulaire d&rsquo;inscription \u00e9lectronique qui appara\u00eet sur cette page seront collect\u00e9es dans des fichiers charg\u00e9s de: Cas Pag\u00e9s C. B. En vertu des dispositions de ladite l\u00e9gislation, le titulaire des donn\u00e9es personnelles&hellip;\" \/>\n<meta property=\"og:url\" content=\"https:\/\/caspages.es\/fr\/confidentialite\/\" \/>\n<meta property=\"og:site_name\" content=\"Ca&#039;s Pag\u00e8s\" \/>\n<meta property=\"article:modified_time\" content=\"2023-11-15T11:11:00+00:00\" \/>\n<meta name=\"twitter:card\" content=\"summary_large_image\" \/>\n<meta name=\"twitter:label1\" content=\"Dur\u00e9e de lecture estim\u00e9e\" \/>\n\t<meta name=\"twitter:data1\" content=\"3 minutes\" \/>\n<script type=\"application\/ld+json\" class=\"yoast-schema-graph\">{\"@context\":\"https:\/\/schema.org\",\"@graph\":[{\"@type\":\"WebPage\",\"@id\":\"https:\/\/caspages.es\/fr\/confidentialite\/\",\"url\":\"https:\/\/caspages.es\/fr\/confidentialite\/\",\"name\":\"Confidentialit\u00e9 - Ca&#039;s Pag\u00e8s\",\"isPartOf\":{\"@id\":\"https:\/\/caspages.es\/fr\/#website\"},\"datePublished\":\"2023-09-08T07:31:44+00:00\",\"dateModified\":\"2023-11-15T11:11:00+00:00\",\"breadcrumb\":{\"@id\":\"https:\/\/caspages.es\/fr\/confidentialite\/#breadcrumb\"},\"inLanguage\":\"fr-FR\",\"potentialAction\":[{\"@type\":\"ReadAction\",\"target\":[\"https:\/\/caspages.es\/fr\/confidentialite\/\"]}]},{\"@type\":\"BreadcrumbList\",\"@id\":\"https:\/\/caspages.es\/fr\/confidentialite\/#breadcrumb\",\"itemListElement\":[{\"@type\":\"ListItem\",\"position\":1,\"name\":\"Home\",\"item\":\"https:\/\/caspages.es\/fr\/\"},{\"@type\":\"ListItem\",\"position\":2,\"name\":\"Confidentialit\u00e9\"}]},{\"@type\":\"WebSite\",\"@id\":\"https:\/\/caspages.es\/fr\/#website\",\"url\":\"https:\/\/caspages.es\/fr\/\",\"name\":\"Ca&#039;s Pag\u00e8s\",\"description\":\"Restaurant de cuisine typique d&#039;Ibiza\",\"publisher\":{\"@id\":\"https:\/\/caspages.es\/fr\/#organization\"},\"potentialAction\":[{\"@type\":\"SearchAction\",\"target\":{\"@type\":\"EntryPoint\",\"urlTemplate\":\"https:\/\/caspages.es\/fr\/?s={search_term_string}\"},\"query-input\":{\"@type\":\"PropertyValueSpecification\",\"valueRequired\":true,\"valueName\":\"search_term_string\"}}],\"inLanguage\":\"fr-FR\"},{\"@type\":\"Organization\",\"@id\":\"https:\/\/caspages.es\/fr\/#organization\",\"name\":\"Ca&#039;s Pag\u00e8s\",\"url\":\"https:\/\/caspages.es\/fr\/\",\"logo\":{\"@type\":\"ImageObject\",\"inLanguage\":\"fr-FR\",\"@id\":\"https:\/\/caspages.es\/fr\/#\/schema\/logo\/image\/\",\"url\":\"https:\/\/caspages.es\/wp-content\/uploads\/2022\/08\/Cas_Pages_logo.png\",\"contentUrl\":\"https:\/\/caspages.es\/wp-content\/uploads\/2022\/08\/Cas_Pages_logo.png\",\"width\":216,\"height\":76,\"caption\":\"Ca&#039;s Pag\u00e8s\"},\"image\":{\"@id\":\"https:\/\/caspages.es\/fr\/#\/schema\/logo\/image\/\"}}]}<\/script>\n<!-- \/ Yoast SEO Premium plugin. -->","yoast_head_json":{"title":"Confidentialit\u00e9 - Ca&#039;s Pag\u00e8s","robots":{"index":"index","follow":"follow","max-snippet":"max-snippet:-1","max-image-preview":"max-image-preview:large","max-video-preview":"max-video-preview:-1"},"canonical":"https:\/\/caspages.es\/fr\/confidentialite\/","og_locale":"fr_FR","og_type":"article","og_title":"Confidentialit\u00e9","og_description":"Politique de confidentialit\u00e9 Conform\u00e9ment \u00e0 la l\u00e9gislation en vigueur sur la protection des donn\u00e9es personnelles, nous vous informons que les donn\u00e9es personnelles que vous nous fournissez en remplissant le formulaire d&rsquo;inscription \u00e9lectronique qui appara\u00eet sur cette page seront collect\u00e9es dans des fichiers charg\u00e9s de: Cas Pag\u00e9s C. B. En vertu des dispositions de ladite l\u00e9gislation, le titulaire des donn\u00e9es personnelles&hellip;","og_url":"https:\/\/caspages.es\/fr\/confidentialite\/","og_site_name":"Ca&#039;s Pag\u00e8s","article_modified_time":"2023-11-15T11:11:00+00:00","twitter_card":"summary_large_image","twitter_misc":{"Dur\u00e9e de lecture estim\u00e9e":"3 minutes"},"schema":{"@context":"https:\/\/schema.org","@graph":[{"@type":"WebPage","@id":"https:\/\/caspages.es\/fr\/confidentialite\/","url":"https:\/\/caspages.es\/fr\/confidentialite\/","name":"Confidentialit\u00e9 - Ca&#039;s Pag\u00e8s","isPartOf":{"@id":"https:\/\/caspages.es\/fr\/#website"},"datePublished":"2023-09-08T07:31:44+00:00","dateModified":"2023-11-15T11:11:00+00:00","breadcrumb":{"@id":"https:\/\/caspages.es\/fr\/confidentialite\/#breadcrumb"},"inLanguage":"fr-FR","potentialAction":[{"@type":"ReadAction","target":["https:\/\/caspages.es\/fr\/confidentialite\/"]}]},{"@type":"BreadcrumbList","@id":"https:\/\/caspages.es\/fr\/confidentialite\/#breadcrumb","itemListElement":[{"@type":"ListItem","position":1,"name":"Home","item":"https:\/\/caspages.es\/fr\/"},{"@type":"ListItem","position":2,"name":"Confidentialit\u00e9"}]},{"@type":"WebSite","@id":"https:\/\/caspages.es\/fr\/#website","url":"https:\/\/caspages.es\/fr\/","name":"Ca&#039;s Pag\u00e8s","description":"Restaurant de cuisine typique d&#039;Ibiza","publisher":{"@id":"https:\/\/caspages.es\/fr\/#organization"},"potentialAction":[{"@type":"SearchAction","target":{"@type":"EntryPoint","urlTemplate":"https:\/\/caspages.es\/fr\/?s={search_term_string}"},"query-input":{"@type":"PropertyValueSpecification","valueRequired":true,"valueName":"search_term_string"}}],"inLanguage":"fr-FR"},{"@type":"Organization","@id":"https:\/\/caspages.es\/fr\/#organization","name":"Ca&#039;s Pag\u00e8s","url":"https:\/\/caspages.es\/fr\/","logo":{"@type":"ImageObject","inLanguage":"fr-FR","@id":"https:\/\/caspages.es\/fr\/#\/schema\/logo\/image\/","url":"https:\/\/caspages.es\/wp-content\/uploads\/2022\/08\/Cas_Pages_logo.png","contentUrl":"https:\/\/caspages.es\/wp-content\/uploads\/2022\/08\/Cas_Pages_logo.png","width":216,"height":76,"caption":"Ca&#039;s Pag\u00e8s"},"image":{"@id":"https:\/\/caspages.es\/fr\/#\/schema\/logo\/image\/"}}]}},"_links":{"self":[{"href":"https:\/\/caspages.es\/fr\/wp-json\/wp\/v2\/pages\/27002","targetHints":{"allow":["GET"]}}],"collection":[{"href":"https:\/\/caspages.es\/fr\/wp-json\/wp\/v2\/pages"}],"about":[{"href":"https:\/\/caspages.es\/fr\/wp-json\/wp\/v2\/types\/page"}],"author":[{"embeddable":true,"href":"https:\/\/caspages.es\/fr\/wp-json\/wp\/v2\/users\/1"}],"replies":[{"embeddable":true,"href":"https:\/\/caspages.es\/fr\/wp-json\/wp\/v2\/comments?post=27002"}],"version-history":[{"count":5,"href":"https:\/\/caspages.es\/fr\/wp-json\/wp\/v2\/pages\/27002\/revisions"}],"predecessor-version":[{"id":27659,"href":"https:\/\/caspages.es\/fr\/wp-json\/wp\/v2\/pages\/27002\/revisions\/27659"}],"wp:attachment":[{"href":"https:\/\/caspages.es\/fr\/wp-json\/wp\/v2\/media?parent=27002"}],"curies":[{"name":"wp","href":"https:\/\/api.w.org\/{rel}","templated":true}]}}