{"id":27300,"date":"2023-09-08T07:32:31","date_gmt":"2023-09-08T07:32:31","guid":{"rendered":"https:\/\/caspages.es\/?page_id=27300"},"modified":"2023-11-15T10:59:26","modified_gmt":"2023-11-15T10:59:26","slug":"politica-cookie","status":"publish","type":"page","link":"https:\/\/caspages.es\/it\/politica-cookie\/","title":{"rendered":"Politica cookie"},"content":{"rendered":"\t\t<div data-elementor-type=\"wp-page\" data-elementor-id=\"27300\" class=\"elementor elementor-27300 elementor-20559\" data-elementor-post-type=\"page\">\n\t\t\t\t\t\t<section class=\"elementor-section elementor-top-section elementor-element elementor-element-2b1184b0 elementor-section-stretched fondo-general elementor-section-boxed elementor-section-height-default elementor-section-height-default sc_fly_static\" data-id=\"2b1184b0\" data-element_type=\"section\" data-settings=\"{&quot;background_background&quot;:&quot;classic&quot;,&quot;stretch_section&quot;:&quot;section-stretched&quot;}\">\n\t\t\t\t\t\t<div class=\"elementor-container elementor-column-gap-extended\">\n\t\t\t\t\t<div class=\"elementor-column elementor-col-100 elementor-top-column elementor-element elementor-element-153e1c19 sc_inner_width_none sc_content_align_inherit sc_layouts_column_icons_position_left sc_fly_static\" data-id=\"153e1c19\" data-element_type=\"column\">\n\t\t\t<div class=\"elementor-widget-wrap elementor-element-populated\">\n\t\t\t\t\t\t<div class=\"elementor-element elementor-element-61c2707 cardo titulos-marron sc_fly_static elementor-widget elementor-widget-heading\" data-id=\"61c2707\" data-element_type=\"widget\" data-widget_type=\"heading.default\">\n\t\t\t\t<div class=\"elementor-widget-container\">\n\t\t\t\t\t<h1 class=\"elementor-heading-title elementor-size-default\">Politica sui cookie<\/h1>\t\t\t\t<\/div>\n\t\t\t\t<\/div>\n\t\t\t\t\t<\/div>\n\t\t<\/div>\n\t\t\t\t\t<\/div>\n\t\t<\/section>\n\t\t\t\t<section class=\"elementor-section elementor-top-section elementor-element elementor-element-7ef86bc8 elementor-section-stretched fondo-general elementor-section-boxed elementor-section-height-default elementor-section-height-default sc_fly_static\" data-id=\"7ef86bc8\" data-element_type=\"section\" data-settings=\"{&quot;stretch_section&quot;:&quot;section-stretched&quot;}\">\n\t\t\t\t\t\t<div class=\"elementor-container elementor-column-gap-extended\">\n\t\t\t\t\t<div class=\"elementor-column elementor-col-100 elementor-top-column elementor-element elementor-element-19372eea sc_inner_width_none sc_content_align_inherit sc_layouts_column_icons_position_left sc_fly_static\" data-id=\"19372eea\" data-element_type=\"column\">\n\t\t\t<div class=\"elementor-widget-wrap elementor-element-populated\">\n\t\t\t\t\t\t<div class=\"elementor-element elementor-element-690b98ed sc_fly_static elementor-widget elementor-widget-spacer\" data-id=\"690b98ed\" data-element_type=\"widget\" data-widget_type=\"spacer.default\">\n\t\t\t\t<div class=\"elementor-widget-container\">\n\t\t\t\t\t\t\t<div class=\"elementor-spacer\">\n\t\t\t<div class=\"elementor-spacer-inner\"><\/div>\n\t\t<\/div>\n\t\t\t\t\t\t<\/div>\n\t\t\t\t<\/div>\n\t\t\t\t\t<\/div>\n\t\t<\/div>\n\t\t\t\t\t<\/div>\n\t\t<\/section>\n\t\t\t\t<section class=\"elementor-section elementor-top-section elementor-element elementor-element-a2ec18c elementor-section-stretched fondo-general dmsans elementor-section-boxed elementor-section-height-default elementor-section-height-default sc_fly_static\" data-id=\"a2ec18c\" data-element_type=\"section\" data-settings=\"{&quot;background_background&quot;:&quot;classic&quot;,&quot;stretch_section&quot;:&quot;section-stretched&quot;}\">\n\t\t\t\t\t\t<div class=\"elementor-container elementor-column-gap-extended\">\n\t\t\t\t\t<div class=\"elementor-column elementor-col-100 elementor-top-column elementor-element elementor-element-e4f67bc sc_inner_width_none sc_content_align_inherit sc_layouts_column_icons_position_left sc_fly_static\" data-id=\"e4f67bc\" data-element_type=\"column\">\n\t\t\t<div class=\"elementor-widget-wrap elementor-element-populated\">\n\t\t\t\t\t\t<div class=\"elementor-element elementor-element-fc87c00 sc_fly_static elementor-widget elementor-widget-text-editor\" data-id=\"fc87c00\" data-element_type=\"widget\" data-widget_type=\"text-editor.default\">\n\t\t\t\t<div class=\"elementor-widget-container\">\n\t\t\t\t\t\t\t\t\t<p><strong>Introduzione e concetto di cookie.<\/strong><\/p><p>In conformit\u00e0 con le disposizioni della seconda sezione dell&#8217;articolo 22 della legge 34\/2002, dell&#8217;11 luglio, sui servizi della societ\u00e0 dell&#8217;informazione e del commercio elettronico, con il presente documento Cas Pag\u00e9s C. B., di seguito LA SOCIET\u00c0, mira a farti conoscere quali sono i cookie sono, la loro funzione, utilit\u00e0 e necessit\u00e0, affinch\u00e9 tu possa liberamente decidere se accettarli o meno. Nonostante ci\u00f2, sei esplicitamente informato che potrebbero esserci cookie necessari per le comunicazioni tra il tuo computer e la rete, nonch\u00e9 per fornire i servizi da te espressamente richiesti, essendo in entrambi i casi esenti dal rispetto degli obblighi stabiliti in detto articolo .<\/p><p>Un cookie \u00e8 semplicemente un file con un codice anonimo che viene scaricato sul tuo computer quando accedi a determinate pagine web. Questi piccoli file consentono, tra le altre cose, a una pagina web di archiviare, registrare e recuperare passivamente informazioni sulle abitudini di navigazione di un utente o del suo team sul sito web. Queste informazioni possono permetterti di conoscere il luogo dal quale accedi, l&#8217;orario di connessione, il tipo di dispositivo dal quale accedi (fisso o mobile), il sistema operativo, il browser, le pagine pi\u00f9 visitate e il numero di click effettuati, tra gli altri, dati sul comportamento degli utenti su Internet.<\/p><p>Puoi disattivare i cookie nel tuo browser ed eliminarli in qualsiasi momento. Tieni per\u00f2 presente che, sebbene il sito sia accessibile senza che i cookie siano attivati, la loro disattivazione potrebbe impedirne il corretto funzionamento. Per saperne di pi\u00f9 sui cookie \u00e8 possibile visitare il seguente URL:<\/p><p><a href=\"http:\/\/www.aboutcookies.org\/\">http:\/\/www.aboutcookies.org\/<\/a>.<\/p><p><strong>Tipi di cookie.<\/strong><\/p><p>I cookie sono classificati nelle seguenti categorie in base alle loro funzioni:<\/p><ul><li><em><u>Cookie strettamente necessari o tecnici:<\/u><\/em> sono quelli che consentono all&#8217;utente la navigazione attraverso un sito web, una piattaforma o un&#8217;applicazione, nonch\u00e9 l&#8217;utilizzo delle diverse opzioni o servizi in esso presenti.<\/li><li><em><u>Cookie di personalizzazione:<\/u><\/em> sono quelli che consentono all&#8217;utente di configurare alcune caratteristiche generali con cui acceder\u00e0 al servizio (lingua, tipo di browser, ecc.).<\/li><li><em><u>Cookie di analisi:<\/u><\/em> sono quelli che consentono al responsabile degli stessi di monitorare e analizzare il comportamento degli utenti dei siti Web a cui sono collegati. Vengono utilizzati per analizzare l&#8217;attivit\u00e0 dei siti o delle applicazioni a cui l&#8217;utente accede, nonch\u00e9 per creare profili di navigazione che possono essere utilizzati per studiare miglioramenti per gli utenti su detti siti o applicazioni.<\/li><li><em><u>Cookie pubblicitari:<\/u><\/em> vengono utilizzati per gestire gli spazi pubblicitari che il proprietario del sito Web o dell&#8217;applicazione ha incluso al suo interno.<\/li><li><em><u>Cookie pubblicitari basati sul comportamento:<\/u><\/em> sono quelli che consentono la gestione degli spazi pubblicitari che il proprietario del sito Web o dell&#8217;applicazione ha incluso al suo interno, nel modo pi\u00f9 efficiente possibile. A tale scopo utilizza i dati sul comportamento degli utenti memorizzati in questi cookie.<\/li><\/ul><p><strong>Utilizzo dei cookie nel sito web.<\/strong><\/p><p>Ti informiamo espressamente, precisamente ed inequivocabilmente che le informazioni ottenute attraverso i cookies installati sul tuo computer, esclusi se possibile quelli utilizzati per la personalizzazione della navigazione e per questioni tecniche, non verranno da noi utilizzate, in quanto non utilizziamo analisi o pubblicit\u00e0 cookie di alcun tipo. I destinatari delle informazioni ottenute attraverso i cookie installati sul tuo computer saranno le seguenti entit\u00e0:<\/p><ul><li>Google<\/li><\/ul><p>\u00a0Le finalit\u00e0 previste sono quelle indicate nella tabella seguente:<\/p><table width=\"93%\"><tbody><tr><td width=\"17%\"><p><strong>Cookie<\/strong><\/p><\/td><td width=\"13%\"><p><strong>Titolo<\/strong><\/p><\/td><td width=\"23%\"><p><strong>Data di scadenza<\/strong><\/p><\/td><td width=\"44%\"><p><strong>Funzionalit\u00e0<\/strong><\/p><\/td><\/tr><tr><td width=\"17%\"><p>_utma<\/p><\/td><td width=\"13%\"><p><strong>Google<\/strong><\/p><\/td><td width=\"23%\"><p>2 anni<\/p><\/td><td width=\"44%\"><p>Identificazione di visitatori unici: utilizzato per registrare visitatori unici per scopi statistici e analitici.<\/p><\/td><\/tr><tr><td width=\"17%\"><p>_utmb<\/p><\/td><td width=\"13%\"><p><strong>Google<\/strong><\/p><\/td><td width=\"23%\"><p>30 minuti<\/p><\/td><td width=\"44%\"><p>Determinazione della sessione del visitatore: Google Analytics utilizza due cookie per stabilire una sessione. Se manca uno di questi due cookie, un&#8217;altra attivit\u00e0 avvia l&#8217;inizio di una nuova sessione.<\/p><\/td><\/tr><tr><td width=\"17%\"><p>_utmc<\/p><\/td><td width=\"13%\"><p><strong>Google<\/strong><\/p><\/td><td width=\"23%\"><p>Sessione<\/p><\/td><td width=\"44%\"><p>Determinazione della sessione del visitatore: Google Analytics utilizza due cookie per stabilire una sessione. Se manca uno di questi due cookie, un&#8217;altra attivit\u00e0 avvia l&#8217;inizio di una nuova sessione.<\/p><\/td><\/tr><tr><td width=\"17%\"><p>_utmt<\/p><\/td><td width=\"13%\"><p><strong>Google<\/strong><\/p><\/td><td width=\"23%\"><p>10 minuti<\/p><\/td><td width=\"44%\"><p>Statistiche di Google. Utilizzato per limitare la percentuale di richieste.<\/p><\/td><\/tr><tr><td width=\"17%\"><p>_utmz<\/p><\/td><td width=\"13%\"><p><strong>Google<\/strong><\/p><\/td><td width=\"23%\"><p>6 mesi<\/p><\/td><td width=\"44%\"><p>Registrazione del traffico e delle fonti di navigazione: Utilizzato per registrare come sei arrivato al nostro sito web (tramite una ricerca su Google, una pubblicit\u00e0, ecc.) e i percorsi che segui mentre navighi sul nostro sito. Utilizziamo queste informazioni per migliorare l&#8217;esperienza dell&#8217;utente negli aggiornamenti futuri.<\/p><\/td><\/tr><\/tbody><\/table><p>\u00a0<\/p><p><strong>Revoca dell&#8217;autorizzazione all&#8217;uso dei cookie e impostazioni del browser<\/strong><\/p><p>Come ti abbiamo gi\u00e0 informato, una volta installati i Cookie potrai, in ogni momento, revocare il tuo consenso e cancellarli. Per fare ci\u00f2, puoi utilizzare le opzioni di configurazione dei contenuti e della privacy disponibili nel browser che stai utilizzando durante la navigazione sul web.<\/p><p><strong>Aggiornamento della Cookies Policy e contatti<\/strong><\/p><p>La presente Politica sui cookie pu\u00f2 variare a seconda dei cookie utilizzati. Ti consigliamo di rivedere questa policy ogni volta che accedi al nostro sito web per essere adeguatamente informato su come e perch\u00e9 utilizziamo i cookie ed essere consapevole di eventuali cambiamenti nella tipologia di dati raccolti.<\/p>\t\t\t\t\t\t\t\t<\/div>\n\t\t\t\t<\/div>\n\t\t\t\t\t<\/div>\n\t\t<\/div>\n\t\t\t\t\t<\/div>\n\t\t<\/section>\n\t\t\t\t<section class=\"elementor-section elementor-top-section elementor-element elementor-element-1ce0fbce elementor-section-stretched fondo-general elementor-section-boxed elementor-section-height-default elementor-section-height-default sc_fly_static\" data-id=\"1ce0fbce\" data-element_type=\"section\" data-settings=\"{&quot;stretch_section&quot;:&quot;section-stretched&quot;}\">\n\t\t\t\t\t\t<div class=\"elementor-container elementor-column-gap-extended\">\n\t\t\t\t\t<div class=\"elementor-column elementor-col-100 elementor-top-column elementor-element elementor-element-71737124 sc_inner_width_none sc_content_align_inherit sc_layouts_column_icons_position_left sc_fly_static\" data-id=\"71737124\" data-element_type=\"column\">\n\t\t\t<div class=\"elementor-widget-wrap elementor-element-populated\">\n\t\t\t\t\t\t<div class=\"elementor-element elementor-element-653057c1 sc_fly_static elementor-widget elementor-widget-spacer\" data-id=\"653057c1\" data-element_type=\"widget\" data-widget_type=\"spacer.default\">\n\t\t\t\t<div class=\"elementor-widget-container\">\n\t\t\t\t\t\t\t<div class=\"elementor-spacer\">\n\t\t\t<div class=\"elementor-spacer-inner\"><\/div>\n\t\t<\/div>\n\t\t\t\t\t\t<\/div>\n\t\t\t\t<\/div>\n\t\t\t\t\t<\/div>\n\t\t<\/div>\n\t\t\t\t\t<\/div>\n\t\t<\/section>\n\t\t\t\t<\/div>\n\t\t","protected":false},"excerpt":{"rendered":"<p>Politica sui cookie Introduzione e concetto di cookie. In conformit\u00e0 con le disposizioni della seconda sezione dell&#8217;articolo 22 della legge 34\/2002, dell&#8217;11 luglio, sui servizi della societ\u00e0 dell&#8217;informazione e del commercio elettronico, con il presente documento Cas Pag\u00e9s C. B., di seguito LA SOCIET\u00c0, mira a farti conoscere quali sono i cookie sono, la loro funzione, utilit\u00e0 e necessit\u00e0, affinch\u00e9&hellip;<\/p>\n","protected":false},"author":1,"featured_media":0,"parent":0,"menu_order":0,"comment_status":"closed","ping_status":"closed","template":"","meta":{"footnotes":""},"class_list":["post-27300","page","type-page","status-publish","hentry"],"yoast_head":"<!-- This site is optimized with the Yoast SEO Premium plugin v21.8 (Yoast SEO v25.9) - https:\/\/yoast.com\/wordpress\/plugins\/seo\/ -->\n<title>Politica cookie - Ca&#039;s Pag\u00e8s<\/title>\n<meta name=\"robots\" content=\"index, follow, max-snippet:-1, max-image-preview:large, max-video-preview:-1\" \/>\n<link rel=\"canonical\" href=\"https:\/\/caspages.es\/it\/politica-cookie\/\" \/>\n<meta property=\"og:locale\" content=\"it_IT\" \/>\n<meta property=\"og:type\" content=\"article\" \/>\n<meta property=\"og:title\" content=\"Politica cookie\" \/>\n<meta property=\"og:description\" content=\"Politica sui cookie Introduzione e concetto di cookie. In conformit\u00e0 con le disposizioni della seconda sezione dell&#8217;articolo 22 della legge 34\/2002, dell&#8217;11 luglio, sui servizi della societ\u00e0 dell&#8217;informazione e del commercio elettronico, con il presente documento Cas Pag\u00e9s C. B., di seguito LA SOCIET\u00c0, mira a farti conoscere quali sono i cookie sono, la loro funzione, utilit\u00e0 e necessit\u00e0, affinch\u00e9&hellip;\" \/>\n<meta property=\"og:url\" content=\"https:\/\/caspages.es\/it\/politica-cookie\/\" \/>\n<meta property=\"og:site_name\" content=\"Ca&#039;s Pag\u00e8s\" \/>\n<meta property=\"article:modified_time\" content=\"2023-11-15T10:59:26+00:00\" \/>\n<meta name=\"twitter:card\" content=\"summary_large_image\" \/>\n<meta name=\"twitter:label1\" content=\"Tempo di lettura stimato\" \/>\n\t<meta name=\"twitter:data1\" content=\"4 minuti\" \/>\n<script type=\"application\/ld+json\" class=\"yoast-schema-graph\">{\"@context\":\"https:\/\/schema.org\",\"@graph\":[{\"@type\":\"WebPage\",\"@id\":\"https:\/\/caspages.es\/it\/politica-cookie\/\",\"url\":\"https:\/\/caspages.es\/it\/politica-cookie\/\",\"name\":\"Politica cookie - Ca&#039;s Pag\u00e8s\",\"isPartOf\":{\"@id\":\"https:\/\/caspages.es\/it\/#website\"},\"datePublished\":\"2023-09-08T07:32:31+00:00\",\"dateModified\":\"2023-11-15T10:59:26+00:00\",\"breadcrumb\":{\"@id\":\"https:\/\/caspages.es\/it\/politica-cookie\/#breadcrumb\"},\"inLanguage\":\"it-IT\",\"potentialAction\":[{\"@type\":\"ReadAction\",\"target\":[\"https:\/\/caspages.es\/it\/politica-cookie\/\"]}]},{\"@type\":\"BreadcrumbList\",\"@id\":\"https:\/\/caspages.es\/it\/politica-cookie\/#breadcrumb\",\"itemListElement\":[{\"@type\":\"ListItem\",\"position\":1,\"name\":\"Home\",\"item\":\"https:\/\/caspages.es\/it\/\"},{\"@type\":\"ListItem\",\"position\":2,\"name\":\"Politica cookie\"}]},{\"@type\":\"WebSite\",\"@id\":\"https:\/\/caspages.es\/it\/#website\",\"url\":\"https:\/\/caspages.es\/it\/\",\"name\":\"Ca&#039;s Pag\u00e8s\",\"description\":\"Ristorante con cucina tipica di Ibiza\",\"publisher\":{\"@id\":\"https:\/\/caspages.es\/it\/#organization\"},\"potentialAction\":[{\"@type\":\"SearchAction\",\"target\":{\"@type\":\"EntryPoint\",\"urlTemplate\":\"https:\/\/caspages.es\/it\/?s={search_term_string}\"},\"query-input\":{\"@type\":\"PropertyValueSpecification\",\"valueRequired\":true,\"valueName\":\"search_term_string\"}}],\"inLanguage\":\"it-IT\"},{\"@type\":\"Organization\",\"@id\":\"https:\/\/caspages.es\/it\/#organization\",\"name\":\"Ca&#039;s Pag\u00e8s\",\"url\":\"https:\/\/caspages.es\/it\/\",\"logo\":{\"@type\":\"ImageObject\",\"inLanguage\":\"it-IT\",\"@id\":\"https:\/\/caspages.es\/it\/#\/schema\/logo\/image\/\",\"url\":\"https:\/\/caspages.es\/wp-content\/uploads\/2022\/08\/Cas_Pages_logo.png\",\"contentUrl\":\"https:\/\/caspages.es\/wp-content\/uploads\/2022\/08\/Cas_Pages_logo.png\",\"width\":216,\"height\":76,\"caption\":\"Ca&#039;s Pag\u00e8s\"},\"image\":{\"@id\":\"https:\/\/caspages.es\/it\/#\/schema\/logo\/image\/\"}}]}<\/script>\n<!-- \/ Yoast SEO Premium plugin. -->","yoast_head_json":{"title":"Politica cookie - Ca&#039;s Pag\u00e8s","robots":{"index":"index","follow":"follow","max-snippet":"max-snippet:-1","max-image-preview":"max-image-preview:large","max-video-preview":"max-video-preview:-1"},"canonical":"https:\/\/caspages.es\/it\/politica-cookie\/","og_locale":"it_IT","og_type":"article","og_title":"Politica cookie","og_description":"Politica sui cookie Introduzione e concetto di cookie. In conformit\u00e0 con le disposizioni della seconda sezione dell&#8217;articolo 22 della legge 34\/2002, dell&#8217;11 luglio, sui servizi della societ\u00e0 dell&#8217;informazione e del commercio elettronico, con il presente documento Cas Pag\u00e9s C. B., di seguito LA SOCIET\u00c0, mira a farti conoscere quali sono i cookie sono, la loro funzione, utilit\u00e0 e necessit\u00e0, affinch\u00e9&hellip;","og_url":"https:\/\/caspages.es\/it\/politica-cookie\/","og_site_name":"Ca&#039;s Pag\u00e8s","article_modified_time":"2023-11-15T10:59:26+00:00","twitter_card":"summary_large_image","twitter_misc":{"Tempo di lettura stimato":"4 minuti"},"schema":{"@context":"https:\/\/schema.org","@graph":[{"@type":"WebPage","@id":"https:\/\/caspages.es\/it\/politica-cookie\/","url":"https:\/\/caspages.es\/it\/politica-cookie\/","name":"Politica cookie - Ca&#039;s Pag\u00e8s","isPartOf":{"@id":"https:\/\/caspages.es\/it\/#website"},"datePublished":"2023-09-08T07:32:31+00:00","dateModified":"2023-11-15T10:59:26+00:00","breadcrumb":{"@id":"https:\/\/caspages.es\/it\/politica-cookie\/#breadcrumb"},"inLanguage":"it-IT","potentialAction":[{"@type":"ReadAction","target":["https:\/\/caspages.es\/it\/politica-cookie\/"]}]},{"@type":"BreadcrumbList","@id":"https:\/\/caspages.es\/it\/politica-cookie\/#breadcrumb","itemListElement":[{"@type":"ListItem","position":1,"name":"Home","item":"https:\/\/caspages.es\/it\/"},{"@type":"ListItem","position":2,"name":"Politica cookie"}]},{"@type":"WebSite","@id":"https:\/\/caspages.es\/it\/#website","url":"https:\/\/caspages.es\/it\/","name":"Ca&#039;s Pag\u00e8s","description":"Ristorante con cucina tipica di Ibiza","publisher":{"@id":"https:\/\/caspages.es\/it\/#organization"},"potentialAction":[{"@type":"SearchAction","target":{"@type":"EntryPoint","urlTemplate":"https:\/\/caspages.es\/it\/?s={search_term_string}"},"query-input":{"@type":"PropertyValueSpecification","valueRequired":true,"valueName":"search_term_string"}}],"inLanguage":"it-IT"},{"@type":"Organization","@id":"https:\/\/caspages.es\/it\/#organization","name":"Ca&#039;s Pag\u00e8s","url":"https:\/\/caspages.es\/it\/","logo":{"@type":"ImageObject","inLanguage":"it-IT","@id":"https:\/\/caspages.es\/it\/#\/schema\/logo\/image\/","url":"https:\/\/caspages.es\/wp-content\/uploads\/2022\/08\/Cas_Pages_logo.png","contentUrl":"https:\/\/caspages.es\/wp-content\/uploads\/2022\/08\/Cas_Pages_logo.png","width":216,"height":76,"caption":"Ca&#039;s Pag\u00e8s"},"image":{"@id":"https:\/\/caspages.es\/it\/#\/schema\/logo\/image\/"}}]}},"_links":{"self":[{"href":"https:\/\/caspages.es\/it\/wp-json\/wp\/v2\/pages\/27300","targetHints":{"allow":["GET"]}}],"collection":[{"href":"https:\/\/caspages.es\/it\/wp-json\/wp\/v2\/pages"}],"about":[{"href":"https:\/\/caspages.es\/it\/wp-json\/wp\/v2\/types\/page"}],"author":[{"embeddable":true,"href":"https:\/\/caspages.es\/it\/wp-json\/wp\/v2\/users\/1"}],"replies":[{"embeddable":true,"href":"https:\/\/caspages.es\/it\/wp-json\/wp\/v2\/comments?post=27300"}],"version-history":[{"count":8,"href":"https:\/\/caspages.es\/it\/wp-json\/wp\/v2\/pages\/27300\/revisions"}],"predecessor-version":[{"id":27657,"href":"https:\/\/caspages.es\/it\/wp-json\/wp\/v2\/pages\/27300\/revisions\/27657"}],"wp:attachment":[{"href":"https:\/\/caspages.es\/it\/wp-json\/wp\/v2\/media?parent=27300"}],"curies":[{"name":"wp","href":"https:\/\/api.w.org\/{rel}","templated":true}]}}