{"id":27301,"date":"2023-09-08T07:31:44","date_gmt":"2023-09-08T07:31:44","guid":{"rendered":"https:\/\/caspages.es\/?page_id=27301"},"modified":"2023-11-15T10:59:17","modified_gmt":"2023-11-15T10:59:17","slug":"informativa-privacy","status":"publish","type":"page","link":"https:\/\/caspages.es\/it\/informativa-privacy\/","title":{"rendered":"Informativa privacy"},"content":{"rendered":"\t\t<div data-elementor-type=\"wp-page\" data-elementor-id=\"27301\" class=\"elementor elementor-27301 elementor-20556\" data-elementor-post-type=\"page\">\n\t\t\t\t\t\t<section class=\"elementor-section elementor-top-section elementor-element elementor-element-f3c33fe elementor-section-stretched fondo-general elementor-section-boxed elementor-section-height-default elementor-section-height-default sc_fly_static\" data-id=\"f3c33fe\" data-element_type=\"section\" data-settings=\"{&quot;background_background&quot;:&quot;classic&quot;,&quot;stretch_section&quot;:&quot;section-stretched&quot;}\">\n\t\t\t\t\t\t<div class=\"elementor-container elementor-column-gap-extended\">\n\t\t\t\t\t<div class=\"elementor-column elementor-col-100 elementor-top-column elementor-element elementor-element-86a9526 sc_inner_width_none sc_content_align_inherit sc_layouts_column_icons_position_left sc_fly_static\" data-id=\"86a9526\" data-element_type=\"column\">\n\t\t\t<div class=\"elementor-widget-wrap elementor-element-populated\">\n\t\t\t\t\t\t<div class=\"elementor-element elementor-element-56a2a64 cardo titulos-marron sc_fly_static elementor-widget elementor-widget-heading\" data-id=\"56a2a64\" data-element_type=\"widget\" data-widget_type=\"heading.default\">\n\t\t\t\t<div class=\"elementor-widget-container\">\n\t\t\t\t\t<h1 class=\"elementor-heading-title elementor-size-default\">Politica sulla riservatezza<\/h1>\t\t\t\t<\/div>\n\t\t\t\t<\/div>\n\t\t\t\t\t<\/div>\n\t\t<\/div>\n\t\t\t\t\t<\/div>\n\t\t<\/section>\n\t\t\t\t<section class=\"elementor-section elementor-top-section elementor-element elementor-element-a11e1fb elementor-section-stretched fondo-general elementor-section-boxed elementor-section-height-default elementor-section-height-default sc_fly_static\" data-id=\"a11e1fb\" data-element_type=\"section\" data-settings=\"{&quot;stretch_section&quot;:&quot;section-stretched&quot;}\">\n\t\t\t\t\t\t<div class=\"elementor-container elementor-column-gap-extended\">\n\t\t\t\t\t<div class=\"elementor-column elementor-col-100 elementor-top-column elementor-element elementor-element-0dfcf30 sc_inner_width_none sc_content_align_inherit sc_layouts_column_icons_position_left sc_fly_static\" data-id=\"0dfcf30\" data-element_type=\"column\">\n\t\t\t<div class=\"elementor-widget-wrap elementor-element-populated\">\n\t\t\t\t\t\t<div class=\"elementor-element elementor-element-301cfb3 sc_fly_static elementor-widget elementor-widget-spacer\" data-id=\"301cfb3\" data-element_type=\"widget\" data-widget_type=\"spacer.default\">\n\t\t\t\t<div class=\"elementor-widget-container\">\n\t\t\t\t\t\t\t<div class=\"elementor-spacer\">\n\t\t\t<div class=\"elementor-spacer-inner\"><\/div>\n\t\t<\/div>\n\t\t\t\t\t\t<\/div>\n\t\t\t\t<\/div>\n\t\t\t\t\t<\/div>\n\t\t<\/div>\n\t\t\t\t\t<\/div>\n\t\t<\/section>\n\t\t\t\t<section class=\"elementor-section elementor-top-section elementor-element elementor-element-ae3011f elementor-section-stretched fondo-general dmsans elementor-section-boxed elementor-section-height-default elementor-section-height-default sc_fly_static\" data-id=\"ae3011f\" data-element_type=\"section\" data-settings=\"{&quot;background_background&quot;:&quot;classic&quot;,&quot;stretch_section&quot;:&quot;section-stretched&quot;}\">\n\t\t\t\t\t\t<div class=\"elementor-container elementor-column-gap-extended\">\n\t\t\t\t\t<div class=\"elementor-column elementor-col-100 elementor-top-column elementor-element elementor-element-353caff sc_inner_width_none sc_content_align_inherit sc_layouts_column_icons_position_left sc_fly_static\" data-id=\"353caff\" data-element_type=\"column\">\n\t\t\t<div class=\"elementor-widget-wrap elementor-element-populated\">\n\t\t\t\t\t\t<div class=\"elementor-element elementor-element-7f955dc sc_fly_static elementor-widget elementor-widget-text-editor\" data-id=\"7f955dc\" data-element_type=\"widget\" data-widget_type=\"text-editor.default\">\n\t\t\t\t<div class=\"elementor-widget-container\">\n\t\t\t\t\t\t\t\t\t<p>Nel rispetto della normativa vigente in materia di Protezione dei Dati Personali, ti informiamo che i dati personali che ci fornirai compilando il modulo elettronico di registrazione che appare in questa pagina saranno raccolti in archivi che hanno il compito di:<\/p><p>Cas Pag\u00e9s C. B.<\/p><p>In forza di quanto previsto da detta normativa, il titolare dei dati personali pu\u00f2 esercitare i diritti di accesso, rettifica, cancellazione, opposizione, limitazione del trattamento, portabilit\u00e0 dei dati e di non essere sottoposto a decisioni automatizzate individualizzate, compresa la profilazione, scrivendo A:<\/p><p>Cas Pag\u00e9s C. B.<br \/>Cas Pag\u00e9s, Ctra. San Carlos, Pg. 1, N\u00ba. 79<br \/>Santa Eulalia del R\u00edo<\/p><p>accompagnando la tua richiesta con una copia di un documento ufficiale aggiornato che dimostri la tua identit\u00e0.<\/p><p>Il mancato inserimento dei dati personali che compaiono nel modulo di registrazione come obbligatori potrebbe comportare l&#8217;impossibilit\u00e0 di rispondere alla tua richiesta.<\/p><p>Ti chiediamo di comunicare immediatamente a Cas Pag\u00e9s C. B. qualsiasi modifica dei tuoi dati personali in modo che le informazioni contenute nei nostri archivi siano sempre aggiornate e non contengano errori. Allo stesso modo, accettando questa nota legale, riconosci che le informazioni e i dati personali raccolti sono accurati e veritieri.<\/p><p>La raccolta dei tuoi dati personali viene effettuata allo scopo di intrattenere rapporti commerciali. Il trattamento \u00e8 lecito in base ad almeno una delle seguenti condizioni:<\/p><p>1. l&#8217;interessato ha prestato il consenso al trattamento dei propri dati personali per una o pi\u00f9 finalit\u00e0 specifiche;<\/p><p>2. il trattamento \u00e8 necessario all&#8217;esecuzione di un contratto di cui l&#8217;interessato \u00e8 parte o all&#8217;applicazione su richiesta dell&#8217;interessato di misure precontrattuali;<\/p><p>3. il trattamento \u00e8 necessario per adempiere un obbligo legale applicabile al titolare del trattamento.<\/p><p>Ti informiamo inoltre che il nostro server potrebbe inviare un file (&#8220;cookie&#8221;) al tuo computer, che ci fornir\u00e0 informazioni tecniche sulla lingua scelta e altre opzioni di navigazione per le pagine che visiti attraverso www.caspages.es. . In ogni caso, avete la possibilit\u00e0 di configurare il vostro computer in modo che rifiuti l&#8217;installazione di questi &#8220;cookie&#8221;.<\/p><p>Cas Pag\u00e9s C. B. si impegna a trattare i vostri dati personali in modo assolutamente confidenziale e ad utilizzarli solo per gli scopi indicati.<\/p><p>Ti informiamo che Cas Pag\u00e9s C. B. ha adottato le misure di sicurezza previste dalla legge nelle sue strutture, sistemi e file richiesti dalla legislazione sulla protezione dei dati. Allo stesso modo, il responsabile del fascicolo garantisce la riservatezza dei dati personali, anche se comunicher\u00e0 alle autorit\u00e0 pubbliche competenti i dati personali e qualsiasi altra informazione che sia in suo possesso o accessibile attraverso i suoi sistemi e sia richiesta in conformit\u00e0 alle disposizioni di legge. applicabile.<\/p><p>Il titolare dei dati \u00e8 responsabile, in ogni caso, della veridicit\u00e0, esattezza, validit\u00e0, autenticit\u00e0 e pertinenza dei dati personali forniti.<\/p>\t\t\t\t\t\t\t\t<\/div>\n\t\t\t\t<\/div>\n\t\t\t\t\t<\/div>\n\t\t<\/div>\n\t\t\t\t\t<\/div>\n\t\t<\/section>\n\t\t\t\t<section class=\"elementor-section elementor-top-section elementor-element elementor-element-4db172f elementor-section-stretched fondo-general elementor-section-boxed elementor-section-height-default elementor-section-height-default sc_fly_static\" data-id=\"4db172f\" data-element_type=\"section\" data-settings=\"{&quot;stretch_section&quot;:&quot;section-stretched&quot;}\">\n\t\t\t\t\t\t<div class=\"elementor-container elementor-column-gap-extended\">\n\t\t\t\t\t<div class=\"elementor-column elementor-col-100 elementor-top-column elementor-element elementor-element-bb75d57 sc_inner_width_none sc_content_align_inherit sc_layouts_column_icons_position_left sc_fly_static\" data-id=\"bb75d57\" data-element_type=\"column\">\n\t\t\t<div class=\"elementor-widget-wrap elementor-element-populated\">\n\t\t\t\t\t\t<div class=\"elementor-element elementor-element-bb94869 sc_fly_static elementor-widget elementor-widget-spacer\" data-id=\"bb94869\" data-element_type=\"widget\" data-widget_type=\"spacer.default\">\n\t\t\t\t<div class=\"elementor-widget-container\">\n\t\t\t\t\t\t\t<div class=\"elementor-spacer\">\n\t\t\t<div class=\"elementor-spacer-inner\"><\/div>\n\t\t<\/div>\n\t\t\t\t\t\t<\/div>\n\t\t\t\t<\/div>\n\t\t\t\t\t<\/div>\n\t\t<\/div>\n\t\t\t\t\t<\/div>\n\t\t<\/section>\n\t\t\t\t<\/div>\n\t\t","protected":false},"excerpt":{"rendered":"<p>Politica sulla riservatezza Nel rispetto della normativa vigente in materia di Protezione dei Dati Personali, ti informiamo che i dati personali che ci fornirai compilando il modulo elettronico di registrazione che appare in questa pagina saranno raccolti in archivi che hanno il compito di: Cas Pag\u00e9s C. B. In forza di quanto previsto da detta normativa, il titolare dei dati&hellip;<\/p>\n","protected":false},"author":1,"featured_media":0,"parent":0,"menu_order":0,"comment_status":"closed","ping_status":"closed","template":"","meta":{"footnotes":""},"class_list":["post-27301","page","type-page","status-publish","hentry"],"yoast_head":"<!-- This site is optimized with the Yoast SEO Premium plugin v21.8 (Yoast SEO v25.9) - https:\/\/yoast.com\/wordpress\/plugins\/seo\/ -->\n<title>Informativa privacy - Ca&#039;s Pag\u00e8s<\/title>\n<meta name=\"robots\" content=\"index, follow, max-snippet:-1, max-image-preview:large, max-video-preview:-1\" \/>\n<link rel=\"canonical\" href=\"https:\/\/caspages.es\/it\/informativa-privacy\/\" \/>\n<meta property=\"og:locale\" content=\"it_IT\" \/>\n<meta property=\"og:type\" content=\"article\" \/>\n<meta property=\"og:title\" content=\"Informativa privacy\" \/>\n<meta property=\"og:description\" content=\"Politica sulla riservatezza Nel rispetto della normativa vigente in materia di Protezione dei Dati Personali, ti informiamo che i dati personali che ci fornirai compilando il modulo elettronico di registrazione che appare in questa pagina saranno raccolti in archivi che hanno il compito di: Cas Pag\u00e9s C. B. In forza di quanto previsto da detta normativa, il titolare dei dati&hellip;\" \/>\n<meta property=\"og:url\" content=\"https:\/\/caspages.es\/it\/informativa-privacy\/\" \/>\n<meta property=\"og:site_name\" content=\"Ca&#039;s Pag\u00e8s\" \/>\n<meta property=\"article:modified_time\" content=\"2023-11-15T10:59:17+00:00\" \/>\n<meta name=\"twitter:card\" content=\"summary_large_image\" \/>\n<meta name=\"twitter:label1\" content=\"Tempo di lettura stimato\" \/>\n\t<meta name=\"twitter:data1\" content=\"2 minuti\" \/>\n<script type=\"application\/ld+json\" class=\"yoast-schema-graph\">{\"@context\":\"https:\/\/schema.org\",\"@graph\":[{\"@type\":\"WebPage\",\"@id\":\"https:\/\/caspages.es\/it\/informativa-privacy\/\",\"url\":\"https:\/\/caspages.es\/it\/informativa-privacy\/\",\"name\":\"Informativa privacy - Ca&#039;s Pag\u00e8s\",\"isPartOf\":{\"@id\":\"https:\/\/caspages.es\/it\/#website\"},\"datePublished\":\"2023-09-08T07:31:44+00:00\",\"dateModified\":\"2023-11-15T10:59:17+00:00\",\"breadcrumb\":{\"@id\":\"https:\/\/caspages.es\/it\/informativa-privacy\/#breadcrumb\"},\"inLanguage\":\"it-IT\",\"potentialAction\":[{\"@type\":\"ReadAction\",\"target\":[\"https:\/\/caspages.es\/it\/informativa-privacy\/\"]}]},{\"@type\":\"BreadcrumbList\",\"@id\":\"https:\/\/caspages.es\/it\/informativa-privacy\/#breadcrumb\",\"itemListElement\":[{\"@type\":\"ListItem\",\"position\":1,\"name\":\"Home\",\"item\":\"https:\/\/caspages.es\/it\/\"},{\"@type\":\"ListItem\",\"position\":2,\"name\":\"Informativa privacy\"}]},{\"@type\":\"WebSite\",\"@id\":\"https:\/\/caspages.es\/it\/#website\",\"url\":\"https:\/\/caspages.es\/it\/\",\"name\":\"Ca&#039;s Pag\u00e8s\",\"description\":\"Ristorante con cucina tipica di Ibiza\",\"publisher\":{\"@id\":\"https:\/\/caspages.es\/it\/#organization\"},\"potentialAction\":[{\"@type\":\"SearchAction\",\"target\":{\"@type\":\"EntryPoint\",\"urlTemplate\":\"https:\/\/caspages.es\/it\/?s={search_term_string}\"},\"query-input\":{\"@type\":\"PropertyValueSpecification\",\"valueRequired\":true,\"valueName\":\"search_term_string\"}}],\"inLanguage\":\"it-IT\"},{\"@type\":\"Organization\",\"@id\":\"https:\/\/caspages.es\/it\/#organization\",\"name\":\"Ca&#039;s Pag\u00e8s\",\"url\":\"https:\/\/caspages.es\/it\/\",\"logo\":{\"@type\":\"ImageObject\",\"inLanguage\":\"it-IT\",\"@id\":\"https:\/\/caspages.es\/it\/#\/schema\/logo\/image\/\",\"url\":\"https:\/\/caspages.es\/wp-content\/uploads\/2022\/08\/Cas_Pages_logo.png\",\"contentUrl\":\"https:\/\/caspages.es\/wp-content\/uploads\/2022\/08\/Cas_Pages_logo.png\",\"width\":216,\"height\":76,\"caption\":\"Ca&#039;s Pag\u00e8s\"},\"image\":{\"@id\":\"https:\/\/caspages.es\/it\/#\/schema\/logo\/image\/\"}}]}<\/script>\n<!-- \/ Yoast SEO Premium plugin. -->","yoast_head_json":{"title":"Informativa privacy - Ca&#039;s Pag\u00e8s","robots":{"index":"index","follow":"follow","max-snippet":"max-snippet:-1","max-image-preview":"max-image-preview:large","max-video-preview":"max-video-preview:-1"},"canonical":"https:\/\/caspages.es\/it\/informativa-privacy\/","og_locale":"it_IT","og_type":"article","og_title":"Informativa privacy","og_description":"Politica sulla riservatezza Nel rispetto della normativa vigente in materia di Protezione dei Dati Personali, ti informiamo che i dati personali che ci fornirai compilando il modulo elettronico di registrazione che appare in questa pagina saranno raccolti in archivi che hanno il compito di: Cas Pag\u00e9s C. B. In forza di quanto previsto da detta normativa, il titolare dei dati&hellip;","og_url":"https:\/\/caspages.es\/it\/informativa-privacy\/","og_site_name":"Ca&#039;s Pag\u00e8s","article_modified_time":"2023-11-15T10:59:17+00:00","twitter_card":"summary_large_image","twitter_misc":{"Tempo di lettura stimato":"2 minuti"},"schema":{"@context":"https:\/\/schema.org","@graph":[{"@type":"WebPage","@id":"https:\/\/caspages.es\/it\/informativa-privacy\/","url":"https:\/\/caspages.es\/it\/informativa-privacy\/","name":"Informativa privacy - Ca&#039;s Pag\u00e8s","isPartOf":{"@id":"https:\/\/caspages.es\/it\/#website"},"datePublished":"2023-09-08T07:31:44+00:00","dateModified":"2023-11-15T10:59:17+00:00","breadcrumb":{"@id":"https:\/\/caspages.es\/it\/informativa-privacy\/#breadcrumb"},"inLanguage":"it-IT","potentialAction":[{"@type":"ReadAction","target":["https:\/\/caspages.es\/it\/informativa-privacy\/"]}]},{"@type":"BreadcrumbList","@id":"https:\/\/caspages.es\/it\/informativa-privacy\/#breadcrumb","itemListElement":[{"@type":"ListItem","position":1,"name":"Home","item":"https:\/\/caspages.es\/it\/"},{"@type":"ListItem","position":2,"name":"Informativa privacy"}]},{"@type":"WebSite","@id":"https:\/\/caspages.es\/it\/#website","url":"https:\/\/caspages.es\/it\/","name":"Ca&#039;s Pag\u00e8s","description":"Ristorante con cucina tipica di Ibiza","publisher":{"@id":"https:\/\/caspages.es\/it\/#organization"},"potentialAction":[{"@type":"SearchAction","target":{"@type":"EntryPoint","urlTemplate":"https:\/\/caspages.es\/it\/?s={search_term_string}"},"query-input":{"@type":"PropertyValueSpecification","valueRequired":true,"valueName":"search_term_string"}}],"inLanguage":"it-IT"},{"@type":"Organization","@id":"https:\/\/caspages.es\/it\/#organization","name":"Ca&#039;s Pag\u00e8s","url":"https:\/\/caspages.es\/it\/","logo":{"@type":"ImageObject","inLanguage":"it-IT","@id":"https:\/\/caspages.es\/it\/#\/schema\/logo\/image\/","url":"https:\/\/caspages.es\/wp-content\/uploads\/2022\/08\/Cas_Pages_logo.png","contentUrl":"https:\/\/caspages.es\/wp-content\/uploads\/2022\/08\/Cas_Pages_logo.png","width":216,"height":76,"caption":"Ca&#039;s Pag\u00e8s"},"image":{"@id":"https:\/\/caspages.es\/it\/#\/schema\/logo\/image\/"}}]}},"_links":{"self":[{"href":"https:\/\/caspages.es\/it\/wp-json\/wp\/v2\/pages\/27301","targetHints":{"allow":["GET"]}}],"collection":[{"href":"https:\/\/caspages.es\/it\/wp-json\/wp\/v2\/pages"}],"about":[{"href":"https:\/\/caspages.es\/it\/wp-json\/wp\/v2\/types\/page"}],"author":[{"embeddable":true,"href":"https:\/\/caspages.es\/it\/wp-json\/wp\/v2\/users\/1"}],"replies":[{"embeddable":true,"href":"https:\/\/caspages.es\/it\/wp-json\/wp\/v2\/comments?post=27301"}],"version-history":[{"count":8,"href":"https:\/\/caspages.es\/it\/wp-json\/wp\/v2\/pages\/27301\/revisions"}],"predecessor-version":[{"id":27656,"href":"https:\/\/caspages.es\/it\/wp-json\/wp\/v2\/pages\/27301\/revisions\/27656"}],"wp:attachment":[{"href":"https:\/\/caspages.es\/it\/wp-json\/wp\/v2\/media?parent=27301"}],"curies":[{"name":"wp","href":"https:\/\/api.w.org\/{rel}","templated":true}]}}